{"id":4574,"date":"2018-07-02T17:30:44","date_gmt":"2018-07-02T15:30:44","guid":{"rendered":"https:\/\/www.missimmo.com\/?page_id=4574"},"modified":"2022-11-21T22:18:58","modified_gmt":"2022-11-21T21:18:58","slug":"homepage","status":"publish","type":"page","link":"https:\/\/www.missimmo.com\/fr\/","title":{"rendered":"Accueil"},"content":{"rendered":"<h3 class=\"p1\" style=\"text-align: justify;\"><b>Bienvenue !<\/b><\/h3>\n<p class=\"p2\" style=\"text-align: justify;\">Notre agence immobili\u00e8re MISSIMMO vous souhaite la bienvenue \u00e0 St Barth. Nous sommes une agence qui adh\u00e8re au \u00ab\u00a0Premier Syndicat Professionnel Immobilier\u00a0\u00bb, la FNAIM. Ce syndicat regroupe plus de 10 000 agences en France ainsi que dans les DOM-TOM. \u00a0Bien qu&rsquo;\u00e9tant une agence faisant partie d&rsquo;un grand syndicat, MISSiMMO reste une agence locale \u00e0 taille humaine.<\/p>\n<p class=\"p2\" style=\"text-align: justify;\">Nos bureaux sont situ\u00e9s Rue du bord de mer, Gustavia, \u00e0 Saint Barth\u00e9lemy. Nous sommes ouverts du lundi au vendredi de 8H00 \u00e0 12H30 et de 14H30 \u00e0 17H00.<\/p>\n<p style=\"text-align: justify;\">Nos agents sont sp\u00e9cialis\u00e9s dans tout les domaines de l&rsquo;immobilier : L&rsquo;achat et la vente, la location long terme, et la location de vacances de luxe. Mais aussi la gestion de propri\u00e9t\u00e9s et le syndic de co-propri\u00e9t\u00e9.<\/p>\n","protected":false},"excerpt":{"rendered":"<p>Bienvenue ! Notre agence immobili\u00e8re MISSIMMO vous souhaite la bienvenue \u00e0 St Barth. Nous sommes une agence qui adh\u00e8re au \u00ab\u00a0Premier Syndicat Professionnel Immobilier\u00a0\u00bb, la FNAIM. Ce syndicat regroupe plus de 10 000 agences en France ainsi que dans les DOM-TOM. \u00a0Bien qu&rsquo;\u00e9tant une agence faisant partie d&rsquo;un grand syndicat, MISSiMMO reste une agence locale [&hellip;]<\/p>\n","protected":false},"author":1,"featured_media":0,"parent":0,"menu_order":0,"comment_status":"closed","ping_status":"closed","template":"template-home.php","meta":{"footnotes":""},"yoast_head":"<!-- This site is optimized with the Yoast SEO plugin v24.5 - https:\/\/yoast.com\/wordpress\/plugins\/seo\/ -->\n<title>MISSiMMO St Barth - Agence immobili\u00e8re \u00e0 Saint Barth\u00e9lemy<\/title>\n<meta name=\"description\" content=\"Cr\u00e9ez votre patrimoine immobilier avec l&#039;agence immobili\u00e8re MISSiMMO \u00e0 St Barth! Trouvez votre propri\u00e9t\u00e9 id\u00e9ale \u00e0 St Barth, en France et \u00e0 l&#039;\u00e9tranger.\" \/>\n<meta name=\"robots\" content=\"index, follow, max-snippet:-1, max-image-preview:large, max-video-preview:-1\" \/>\n<link rel=\"canonical\" href=\"https:\/\/www.missimmo.com\/fr\/\" \/>\n<meta property=\"og:locale\" content=\"fr_FR\" \/>\n<meta property=\"og:type\" content=\"article\" \/>\n<meta property=\"og:title\" content=\"MISSiMMO St Barth - Agence immobili\u00e8re \u00e0 Saint Barth\u00e9lemy\" \/>\n<meta property=\"og:description\" content=\"Cr\u00e9ez votre patrimoine immobilier avec l&#039;agence immobili\u00e8re MISSiMMO \u00e0 St Barth! Trouvez votre propri\u00e9t\u00e9 id\u00e9ale \u00e0 St Barth, en France et \u00e0 l&#039;\u00e9tranger.\" \/>\n<meta property=\"og:url\" content=\"https:\/\/www.missimmo.com\/fr\/\" \/>\n<meta property=\"og:site_name\" content=\"Missimmo St Barth\" \/>\n<meta property=\"article:modified_time\" content=\"2022-11-21T21:18:58+00:00\" \/>\n<meta name=\"twitter:card\" content=\"summary_large_image\" \/>\n<meta name=\"twitter:label1\" content=\"Dur\u00e9e de lecture estim\u00e9e\" \/>\n\t<meta name=\"twitter:data1\" content=\"1 minute\" \/>\n<script type=\"application\/ld+json\" class=\"yoast-schema-graph\">{\"@context\":\"https:\/\/schema.org\",\"@graph\":[{\"@type\":\"WebPage\",\"@id\":\"https:\/\/www.missimmo.com\/fr\/\",\"url\":\"https:\/\/www.missimmo.com\/fr\/\",\"name\":\"MISSiMMO St Barth - Agence immobili\u00e8re \u00e0 Saint Barth\u00e9lemy\",\"isPartOf\":{\"@id\":\"https:\/\/www.missimmo.com\/#website\"},\"datePublished\":\"2018-07-02T15:30:44+00:00\",\"dateModified\":\"2022-11-21T21:18:58+00:00\",\"description\":\"Cr\u00e9ez votre patrimoine immobilier avec l'agence immobili\u00e8re MISSiMMO \u00e0 St Barth! Trouvez votre propri\u00e9t\u00e9 id\u00e9ale \u00e0 St Barth, en France et \u00e0 l'\u00e9tranger.\",\"breadcrumb\":{\"@id\":\"https:\/\/www.missimmo.com\/fr\/#breadcrumb\"},\"inLanguage\":\"fr-FR\",\"potentialAction\":[{\"@type\":\"ReadAction\",\"target\":[\"https:\/\/www.missimmo.com\/fr\/\"]}]},{\"@type\":\"BreadcrumbList\",\"@id\":\"https:\/\/www.missimmo.com\/fr\/#breadcrumb\",\"itemListElement\":[{\"@type\":\"ListItem\",\"position\":1,\"name\":\"Home\",\"item\":\"https:\/\/www.missimmo.com\/fr\/\"},{\"@type\":\"ListItem\",\"position\":2,\"name\":\"Accueil\"}]},{\"@type\":\"WebSite\",\"@id\":\"https:\/\/www.missimmo.com\/#website\",\"url\":\"https:\/\/www.missimmo.com\/\",\"name\":\"Missimmo St Barth\",\"description\":\"\",\"potentialAction\":[{\"@type\":\"SearchAction\",\"target\":{\"@type\":\"EntryPoint\",\"urlTemplate\":\"https:\/\/www.missimmo.com\/?s={search_term_string}\"},\"query-input\":{\"@type\":\"PropertyValueSpecification\",\"valueRequired\":true,\"valueName\":\"search_term_string\"}}],\"inLanguage\":\"fr-FR\"}]}<\/script>\n<!-- \/ Yoast SEO plugin. -->","yoast_head_json":{"title":"MISSiMMO St Barth - Agence immobili\u00e8re \u00e0 Saint Barth\u00e9lemy","description":"Cr\u00e9ez votre patrimoine immobilier avec l'agence immobili\u00e8re MISSiMMO \u00e0 St Barth! Trouvez votre propri\u00e9t\u00e9 id\u00e9ale \u00e0 St Barth, en France et \u00e0 l'\u00e9tranger.","robots":{"index":"index","follow":"follow","max-snippet":"max-snippet:-1","max-image-preview":"max-image-preview:large","max-video-preview":"max-video-preview:-1"},"canonical":"https:\/\/www.missimmo.com\/fr\/","og_locale":"fr_FR","og_type":"article","og_title":"MISSiMMO St Barth - Agence immobili\u00e8re \u00e0 Saint Barth\u00e9lemy","og_description":"Cr\u00e9ez votre patrimoine immobilier avec l'agence immobili\u00e8re MISSiMMO \u00e0 St Barth! Trouvez votre propri\u00e9t\u00e9 id\u00e9ale \u00e0 St Barth, en France et \u00e0 l'\u00e9tranger.","og_url":"https:\/\/www.missimmo.com\/fr\/","og_site_name":"Missimmo St Barth","article_modified_time":"2022-11-21T21:18:58+00:00","twitter_card":"summary_large_image","twitter_misc":{"Dur\u00e9e de lecture estim\u00e9e":"1 minute"},"schema":{"@context":"https:\/\/schema.org","@graph":[{"@type":"WebPage","@id":"https:\/\/www.missimmo.com\/fr\/","url":"https:\/\/www.missimmo.com\/fr\/","name":"MISSiMMO St Barth - Agence immobili\u00e8re \u00e0 Saint Barth\u00e9lemy","isPartOf":{"@id":"https:\/\/www.missimmo.com\/#website"},"datePublished":"2018-07-02T15:30:44+00:00","dateModified":"2022-11-21T21:18:58+00:00","description":"Cr\u00e9ez votre patrimoine immobilier avec l'agence immobili\u00e8re MISSiMMO \u00e0 St Barth! Trouvez votre propri\u00e9t\u00e9 id\u00e9ale \u00e0 St Barth, en France et \u00e0 l'\u00e9tranger.","breadcrumb":{"@id":"https:\/\/www.missimmo.com\/fr\/#breadcrumb"},"inLanguage":"fr-FR","potentialAction":[{"@type":"ReadAction","target":["https:\/\/www.missimmo.com\/fr\/"]}]},{"@type":"BreadcrumbList","@id":"https:\/\/www.missimmo.com\/fr\/#breadcrumb","itemListElement":[{"@type":"ListItem","position":1,"name":"Home","item":"https:\/\/www.missimmo.com\/fr\/"},{"@type":"ListItem","position":2,"name":"Accueil"}]},{"@type":"WebSite","@id":"https:\/\/www.missimmo.com\/#website","url":"https:\/\/www.missimmo.com\/","name":"Missimmo St Barth","description":"","potentialAction":[{"@type":"SearchAction","target":{"@type":"EntryPoint","urlTemplate":"https:\/\/www.missimmo.com\/?s={search_term_string}"},"query-input":{"@type":"PropertyValueSpecification","valueRequired":true,"valueName":"search_term_string"}}],"inLanguage":"fr-FR"}]}},"_links":{"self":[{"href":"https:\/\/www.missimmo.com\/fr\/wp-json\/wp\/v2\/pages\/4574"}],"collection":[{"href":"https:\/\/www.missimmo.com\/fr\/wp-json\/wp\/v2\/pages"}],"about":[{"href":"https:\/\/www.missimmo.com\/fr\/wp-json\/wp\/v2\/types\/page"}],"author":[{"embeddable":true,"href":"https:\/\/www.missimmo.com\/fr\/wp-json\/wp\/v2\/users\/1"}],"replies":[{"embeddable":true,"href":"https:\/\/www.missimmo.com\/fr\/wp-json\/wp\/v2\/comments?post=4574"}],"version-history":[{"count":4,"href":"https:\/\/www.missimmo.com\/fr\/wp-json\/wp\/v2\/pages\/4574\/revisions"}],"predecessor-version":[{"id":16777,"href":"https:\/\/www.missimmo.com\/fr\/wp-json\/wp\/v2\/pages\/4574\/revisions\/16777"}],"wp:attachment":[{"href":"https:\/\/www.missimmo.com\/fr\/wp-json\/wp\/v2\/media?parent=4574"}],"curies":[{"name":"wp","href":"https:\/\/api.w.org\/{rel}","templated":true}]}}