{"id":4506,"date":"2018-06-27T21:17:42","date_gmt":"2018-06-27T19:17:42","guid":{"rendered":"https:\/\/www.missimmo.com\/?page_id=4506"},"modified":"2019-06-07T20:59:09","modified_gmt":"2019-06-07T18:59:09","slug":"favoris","status":"publish","type":"page","link":"https:\/\/www.missimmo.com\/fr\/favoris\/","title":{"rendered":"Favoris"},"content":{"rendered":"<h2><span style=\"color: #b7d037;\">Cr\u00e9ez votre s\u00e9lection personnalis\u00e9e !<\/span><\/h2>\n<p>Voici la s\u00e9lection de vos propri\u00e9t\u00e9s pr\u00e9f\u00e9r\u00e9es.<\/p>\n<p>Remplissez le formulaire et recevez votre s\u00e9lection par Email. Vous pouvez de plus faire profiter vos amis des meilleures propri\u00e9t\u00e9s sur St Barth, en France et \u00e0 l&rsquo;\u00e9tranger.<\/p>\n","protected":false},"excerpt":{"rendered":"<p>Cr\u00e9ez votre s\u00e9lection personnalis\u00e9e ! Voici la s\u00e9lection de vos propri\u00e9t\u00e9s pr\u00e9f\u00e9r\u00e9es. Remplissez le formulaire et recevez votre s\u00e9lection par Email. Vous pouvez de plus faire profiter vos amis des meilleures propri\u00e9t\u00e9s sur St Barth, en France et \u00e0 l&rsquo;\u00e9tranger.<\/p>\n","protected":false},"author":1,"featured_media":0,"parent":0,"menu_order":20,"comment_status":"closed","ping_status":"closed","template":"template-favoris.php","meta":{"footnotes":""},"yoast_head":"<!-- This site is optimized with the Yoast SEO plugin v24.5 - https:\/\/yoast.com\/wordpress\/plugins\/seo\/ -->\n<title>Favoris - Agence immobili\u00e8re et Location de Villa \u00e0 St Barth - MISSiMMO<\/title>\n<meta name=\"description\" content=\"Cr\u00e9ez votre s\u00e9lection personnalis\u00e9e gr\u00e2ce \u00e0 notre formulaire. S\u00e9lectionnez vos propri\u00e9t\u00e9s favorites et partagez-la avec vos amis. Favoris MISSiMMO St Barth.\" \/>\n<meta name=\"robots\" content=\"index, follow, max-snippet:-1, max-image-preview:large, max-video-preview:-1\" \/>\n<link rel=\"canonical\" href=\"https:\/\/www.missimmo.com\/fr\/favoris\/\" \/>\n<meta property=\"og:locale\" content=\"fr_FR\" \/>\n<meta property=\"og:type\" content=\"article\" \/>\n<meta property=\"og:title\" content=\"Favoris - Agence immobili\u00e8re et Location de Villa \u00e0 St Barth - MISSiMMO\" \/>\n<meta property=\"og:description\" content=\"Cr\u00e9ez votre s\u00e9lection personnalis\u00e9e gr\u00e2ce \u00e0 notre formulaire. S\u00e9lectionnez vos propri\u00e9t\u00e9s favorites et partagez-la avec vos amis. Favoris MISSiMMO St Barth.\" \/>\n<meta property=\"og:url\" content=\"https:\/\/www.missimmo.com\/fr\/favoris\/\" \/>\n<meta property=\"og:site_name\" content=\"Missimmo St Barth\" \/>\n<meta property=\"article:modified_time\" content=\"2019-06-07T18:59:09+00:00\" \/>\n<meta name=\"twitter:card\" content=\"summary_large_image\" \/>\n<script type=\"application\/ld+json\" class=\"yoast-schema-graph\">{\"@context\":\"https:\/\/schema.org\",\"@graph\":[{\"@type\":\"WebPage\",\"@id\":\"https:\/\/www.missimmo.com\/fr\/favoris\/\",\"url\":\"https:\/\/www.missimmo.com\/fr\/favoris\/\",\"name\":\"Favoris - Agence immobili\u00e8re et Location de Villa \u00e0 St Barth - MISSiMMO\",\"isPartOf\":{\"@id\":\"https:\/\/www.missimmo.com\/#website\"},\"datePublished\":\"2018-06-27T19:17:42+00:00\",\"dateModified\":\"2019-06-07T18:59:09+00:00\",\"description\":\"Cr\u00e9ez votre s\u00e9lection personnalis\u00e9e gr\u00e2ce \u00e0 notre formulaire. S\u00e9lectionnez vos propri\u00e9t\u00e9s favorites et partagez-la avec vos amis. Favoris MISSiMMO St Barth.\",\"breadcrumb\":{\"@id\":\"https:\/\/www.missimmo.com\/fr\/favoris\/#breadcrumb\"},\"inLanguage\":\"fr-FR\",\"potentialAction\":[{\"@type\":\"ReadAction\",\"target\":[\"https:\/\/www.missimmo.com\/fr\/favoris\/\"]}]},{\"@type\":\"BreadcrumbList\",\"@id\":\"https:\/\/www.missimmo.com\/fr\/favoris\/#breadcrumb\",\"itemListElement\":[{\"@type\":\"ListItem\",\"position\":1,\"name\":\"Home\",\"item\":\"https:\/\/www.missimmo.com\/fr\/\"},{\"@type\":\"ListItem\",\"position\":2,\"name\":\"Favoris\"}]},{\"@type\":\"WebSite\",\"@id\":\"https:\/\/www.missimmo.com\/#website\",\"url\":\"https:\/\/www.missimmo.com\/\",\"name\":\"Missimmo St Barth\",\"description\":\"\",\"potentialAction\":[{\"@type\":\"SearchAction\",\"target\":{\"@type\":\"EntryPoint\",\"urlTemplate\":\"https:\/\/www.missimmo.com\/?s={search_term_string}\"},\"query-input\":{\"@type\":\"PropertyValueSpecification\",\"valueRequired\":true,\"valueName\":\"search_term_string\"}}],\"inLanguage\":\"fr-FR\"}]}<\/script>\n<!-- \/ Yoast SEO plugin. -->","yoast_head_json":{"title":"Favoris - Agence immobili\u00e8re et Location de Villa \u00e0 St Barth - MISSiMMO","description":"Cr\u00e9ez votre s\u00e9lection personnalis\u00e9e gr\u00e2ce \u00e0 notre formulaire. S\u00e9lectionnez vos propri\u00e9t\u00e9s favorites et partagez-la avec vos amis. Favoris MISSiMMO St Barth.","robots":{"index":"index","follow":"follow","max-snippet":"max-snippet:-1","max-image-preview":"max-image-preview:large","max-video-preview":"max-video-preview:-1"},"canonical":"https:\/\/www.missimmo.com\/fr\/favoris\/","og_locale":"fr_FR","og_type":"article","og_title":"Favoris - Agence immobili\u00e8re et Location de Villa \u00e0 St Barth - MISSiMMO","og_description":"Cr\u00e9ez votre s\u00e9lection personnalis\u00e9e gr\u00e2ce \u00e0 notre formulaire. S\u00e9lectionnez vos propri\u00e9t\u00e9s favorites et partagez-la avec vos amis. Favoris MISSiMMO St Barth.","og_url":"https:\/\/www.missimmo.com\/fr\/favoris\/","og_site_name":"Missimmo St Barth","article_modified_time":"2019-06-07T18:59:09+00:00","twitter_card":"summary_large_image","schema":{"@context":"https:\/\/schema.org","@graph":[{"@type":"WebPage","@id":"https:\/\/www.missimmo.com\/fr\/favoris\/","url":"https:\/\/www.missimmo.com\/fr\/favoris\/","name":"Favoris - Agence immobili\u00e8re et Location de Villa \u00e0 St Barth - MISSiMMO","isPartOf":{"@id":"https:\/\/www.missimmo.com\/#website"},"datePublished":"2018-06-27T19:17:42+00:00","dateModified":"2019-06-07T18:59:09+00:00","description":"Cr\u00e9ez votre s\u00e9lection personnalis\u00e9e gr\u00e2ce \u00e0 notre formulaire. S\u00e9lectionnez vos propri\u00e9t\u00e9s favorites et partagez-la avec vos amis. Favoris MISSiMMO St Barth.","breadcrumb":{"@id":"https:\/\/www.missimmo.com\/fr\/favoris\/#breadcrumb"},"inLanguage":"fr-FR","potentialAction":[{"@type":"ReadAction","target":["https:\/\/www.missimmo.com\/fr\/favoris\/"]}]},{"@type":"BreadcrumbList","@id":"https:\/\/www.missimmo.com\/fr\/favoris\/#breadcrumb","itemListElement":[{"@type":"ListItem","position":1,"name":"Home","item":"https:\/\/www.missimmo.com\/fr\/"},{"@type":"ListItem","position":2,"name":"Favoris"}]},{"@type":"WebSite","@id":"https:\/\/www.missimmo.com\/#website","url":"https:\/\/www.missimmo.com\/","name":"Missimmo St Barth","description":"","potentialAction":[{"@type":"SearchAction","target":{"@type":"EntryPoint","urlTemplate":"https:\/\/www.missimmo.com\/?s={search_term_string}"},"query-input":{"@type":"PropertyValueSpecification","valueRequired":true,"valueName":"search_term_string"}}],"inLanguage":"fr-FR"}]}},"_links":{"self":[{"href":"https:\/\/www.missimmo.com\/fr\/wp-json\/wp\/v2\/pages\/4506"}],"collection":[{"href":"https:\/\/www.missimmo.com\/fr\/wp-json\/wp\/v2\/pages"}],"about":[{"href":"https:\/\/www.missimmo.com\/fr\/wp-json\/wp\/v2\/types\/page"}],"author":[{"embeddable":true,"href":"https:\/\/www.missimmo.com\/fr\/wp-json\/wp\/v2\/users\/1"}],"replies":[{"embeddable":true,"href":"https:\/\/www.missimmo.com\/fr\/wp-json\/wp\/v2\/comments?post=4506"}],"version-history":[{"count":3,"href":"https:\/\/www.missimmo.com\/fr\/wp-json\/wp\/v2\/pages\/4506\/revisions"}],"predecessor-version":[{"id":12120,"href":"https:\/\/www.missimmo.com\/fr\/wp-json\/wp\/v2\/pages\/4506\/revisions\/12120"}],"wp:attachment":[{"href":"https:\/\/www.missimmo.com\/fr\/wp-json\/wp\/v2\/media?parent=4506"}],"curies":[{"name":"wp","href":"https:\/\/api.w.org\/{rel}","templated":true}]}}