{"id":4503,"date":"2018-06-27T21:03:19","date_gmt":"2018-06-27T19:03:19","guid":{"rendered":"https:\/\/www.missimmo.com\/?page_id=4503"},"modified":"2022-11-21T22:12:06","modified_gmt":"2022-11-21T21:12:06","slug":"partenaires","status":"publish","type":"page","link":"https:\/\/www.missimmo.com\/fr\/partenaires\/","title":{"rendered":"Partenaires"},"content":{"rendered":"<p>Notre \u00e9quipe sait s&rsquo;entourer des meilleurs partenaires. Que ce soit dans les domaines de l&rsquo;architecture et de la construction. Mais aussi dans l&rsquo;entretien et de la conciergerie, et bien d&rsquo;autres&#8230; Sur l&rsquo;\u00eele de Saint Barth\u00e9lemy, en France, ou \u00e0 l&rsquo;\u00e9tranger.<\/p>\n","protected":false},"excerpt":{"rendered":"<p>Notre \u00e9quipe sait s&rsquo;entourer des meilleurs partenaires. Que ce soit dans les domaines de l&rsquo;architecture et de la construction. Mais aussi dans l&rsquo;entretien et de la conciergerie, et bien d&rsquo;autres&#8230; Sur l&rsquo;\u00eele de Saint Barth\u00e9lemy, en France, ou \u00e0 l&rsquo;\u00e9tranger.<\/p>\n","protected":false},"author":1,"featured_media":9413,"parent":0,"menu_order":22,"comment_status":"closed","ping_status":"closed","template":"template-about-stbarts.php","meta":{"footnotes":""},"yoast_head":"<!-- This site is optimized with the Yoast SEO plugin v24.5 - https:\/\/yoast.com\/wordpress\/plugins\/seo\/ -->\n<title>Partenaires - Agence immobili\u00e8re \/ Locations de Villa - MISSiMMO St Barth<\/title>\n<meta name=\"description\" content=\"Choisissez MISSiMMO St Barth pour tout vos projets. A St Barth\u00e9l\u00e9my, en France ou \u00e0 l&#039;\u00e9tranger, nous savons nous entourer des meilleurs partenaires.\" \/>\n<meta name=\"robots\" content=\"index, follow, max-snippet:-1, max-image-preview:large, max-video-preview:-1\" \/>\n<link rel=\"canonical\" href=\"https:\/\/www.missimmo.com\/fr\/partenaires\/\" \/>\n<meta property=\"og:locale\" content=\"fr_FR\" \/>\n<meta property=\"og:type\" content=\"article\" \/>\n<meta property=\"og:title\" content=\"Partenaires - Agence immobili\u00e8re \/ Locations de Villa - MISSiMMO St Barth\" \/>\n<meta property=\"og:description\" content=\"Choisissez MISSiMMO St Barth pour tout vos projets. A St Barth\u00e9l\u00e9my, en France ou \u00e0 l&#039;\u00e9tranger, nous savons nous entourer des meilleurs partenaires.\" \/>\n<meta property=\"og:url\" content=\"https:\/\/www.missimmo.com\/fr\/partenaires\/\" \/>\n<meta property=\"og:site_name\" content=\"Missimmo St Barth\" \/>\n<meta property=\"article:modified_time\" content=\"2022-11-21T21:12:06+00:00\" \/>\n<meta property=\"og:image\" content=\"https:\/\/www.missimmo.com\/wp-content\/uploads\/2018\/04\/IMG_0300.jpg\" \/>\n\t<meta property=\"og:image:width\" content=\"1080\" \/>\n\t<meta property=\"og:image:height\" content=\"1080\" \/>\n\t<meta property=\"og:image:type\" content=\"image\/jpeg\" \/>\n<meta name=\"twitter:card\" content=\"summary_large_image\" \/>\n<meta name=\"twitter:label1\" content=\"Dur\u00e9e de lecture estim\u00e9e\" \/>\n\t<meta name=\"twitter:data1\" content=\"1 minute\" \/>\n<script type=\"application\/ld+json\" class=\"yoast-schema-graph\">{\"@context\":\"https:\/\/schema.org\",\"@graph\":[{\"@type\":\"WebPage\",\"@id\":\"https:\/\/www.missimmo.com\/fr\/partenaires\/\",\"url\":\"https:\/\/www.missimmo.com\/fr\/partenaires\/\",\"name\":\"Partenaires - Agence immobili\u00e8re \/ Locations de Villa - MISSiMMO St Barth\",\"isPartOf\":{\"@id\":\"https:\/\/www.missimmo.com\/#website\"},\"primaryImageOfPage\":{\"@id\":\"https:\/\/www.missimmo.com\/fr\/partenaires\/#primaryimage\"},\"image\":{\"@id\":\"https:\/\/www.missimmo.com\/fr\/partenaires\/#primaryimage\"},\"thumbnailUrl\":\"https:\/\/www.missimmo.com\/wp-content\/uploads\/2018\/04\/IMG_0300.jpg\",\"datePublished\":\"2018-06-27T19:03:19+00:00\",\"dateModified\":\"2022-11-21T21:12:06+00:00\",\"description\":\"Choisissez MISSiMMO St Barth pour tout vos projets. A St Barth\u00e9l\u00e9my, en France ou \u00e0 l'\u00e9tranger, nous savons nous entourer des meilleurs partenaires.\",\"breadcrumb\":{\"@id\":\"https:\/\/www.missimmo.com\/fr\/partenaires\/#breadcrumb\"},\"inLanguage\":\"fr-FR\",\"potentialAction\":[{\"@type\":\"ReadAction\",\"target\":[\"https:\/\/www.missimmo.com\/fr\/partenaires\/\"]}]},{\"@type\":\"ImageObject\",\"inLanguage\":\"fr-FR\",\"@id\":\"https:\/\/www.missimmo.com\/fr\/partenaires\/#primaryimage\",\"url\":\"https:\/\/www.missimmo.com\/wp-content\/uploads\/2018\/04\/IMG_0300.jpg\",\"contentUrl\":\"https:\/\/www.missimmo.com\/wp-content\/uploads\/2018\/04\/IMG_0300.jpg\",\"width\":1080,\"height\":1080,\"caption\":\"Boat Pinel Island\"},{\"@type\":\"BreadcrumbList\",\"@id\":\"https:\/\/www.missimmo.com\/fr\/partenaires\/#breadcrumb\",\"itemListElement\":[{\"@type\":\"ListItem\",\"position\":1,\"name\":\"Home\",\"item\":\"https:\/\/www.missimmo.com\/fr\/\"},{\"@type\":\"ListItem\",\"position\":2,\"name\":\"Partenaires\"}]},{\"@type\":\"WebSite\",\"@id\":\"https:\/\/www.missimmo.com\/#website\",\"url\":\"https:\/\/www.missimmo.com\/\",\"name\":\"Missimmo St Barth\",\"description\":\"\",\"potentialAction\":[{\"@type\":\"SearchAction\",\"target\":{\"@type\":\"EntryPoint\",\"urlTemplate\":\"https:\/\/www.missimmo.com\/?s={search_term_string}\"},\"query-input\":{\"@type\":\"PropertyValueSpecification\",\"valueRequired\":true,\"valueName\":\"search_term_string\"}}],\"inLanguage\":\"fr-FR\"}]}<\/script>\n<!-- \/ Yoast SEO plugin. -->","yoast_head_json":{"title":"Partenaires - Agence immobili\u00e8re \/ Locations de Villa - MISSiMMO St Barth","description":"Choisissez MISSiMMO St Barth pour tout vos projets. A St Barth\u00e9l\u00e9my, en France ou \u00e0 l'\u00e9tranger, nous savons nous entourer des meilleurs partenaires.","robots":{"index":"index","follow":"follow","max-snippet":"max-snippet:-1","max-image-preview":"max-image-preview:large","max-video-preview":"max-video-preview:-1"},"canonical":"https:\/\/www.missimmo.com\/fr\/partenaires\/","og_locale":"fr_FR","og_type":"article","og_title":"Partenaires - Agence immobili\u00e8re \/ Locations de Villa - MISSiMMO St Barth","og_description":"Choisissez MISSiMMO St Barth pour tout vos projets. A St Barth\u00e9l\u00e9my, en France ou \u00e0 l'\u00e9tranger, nous savons nous entourer des meilleurs partenaires.","og_url":"https:\/\/www.missimmo.com\/fr\/partenaires\/","og_site_name":"Missimmo St Barth","article_modified_time":"2022-11-21T21:12:06+00:00","og_image":[{"width":1080,"height":1080,"url":"https:\/\/www.missimmo.com\/wp-content\/uploads\/2018\/04\/IMG_0300.jpg","type":"image\/jpeg"}],"twitter_card":"summary_large_image","twitter_misc":{"Dur\u00e9e de lecture estim\u00e9e":"1 minute"},"schema":{"@context":"https:\/\/schema.org","@graph":[{"@type":"WebPage","@id":"https:\/\/www.missimmo.com\/fr\/partenaires\/","url":"https:\/\/www.missimmo.com\/fr\/partenaires\/","name":"Partenaires - Agence immobili\u00e8re \/ Locations de Villa - MISSiMMO St Barth","isPartOf":{"@id":"https:\/\/www.missimmo.com\/#website"},"primaryImageOfPage":{"@id":"https:\/\/www.missimmo.com\/fr\/partenaires\/#primaryimage"},"image":{"@id":"https:\/\/www.missimmo.com\/fr\/partenaires\/#primaryimage"},"thumbnailUrl":"https:\/\/www.missimmo.com\/wp-content\/uploads\/2018\/04\/IMG_0300.jpg","datePublished":"2018-06-27T19:03:19+00:00","dateModified":"2022-11-21T21:12:06+00:00","description":"Choisissez MISSiMMO St Barth pour tout vos projets. A St Barth\u00e9l\u00e9my, en France ou \u00e0 l'\u00e9tranger, nous savons nous entourer des meilleurs partenaires.","breadcrumb":{"@id":"https:\/\/www.missimmo.com\/fr\/partenaires\/#breadcrumb"},"inLanguage":"fr-FR","potentialAction":[{"@type":"ReadAction","target":["https:\/\/www.missimmo.com\/fr\/partenaires\/"]}]},{"@type":"ImageObject","inLanguage":"fr-FR","@id":"https:\/\/www.missimmo.com\/fr\/partenaires\/#primaryimage","url":"https:\/\/www.missimmo.com\/wp-content\/uploads\/2018\/04\/IMG_0300.jpg","contentUrl":"https:\/\/www.missimmo.com\/wp-content\/uploads\/2018\/04\/IMG_0300.jpg","width":1080,"height":1080,"caption":"Boat Pinel Island"},{"@type":"BreadcrumbList","@id":"https:\/\/www.missimmo.com\/fr\/partenaires\/#breadcrumb","itemListElement":[{"@type":"ListItem","position":1,"name":"Home","item":"https:\/\/www.missimmo.com\/fr\/"},{"@type":"ListItem","position":2,"name":"Partenaires"}]},{"@type":"WebSite","@id":"https:\/\/www.missimmo.com\/#website","url":"https:\/\/www.missimmo.com\/","name":"Missimmo St Barth","description":"","potentialAction":[{"@type":"SearchAction","target":{"@type":"EntryPoint","urlTemplate":"https:\/\/www.missimmo.com\/?s={search_term_string}"},"query-input":{"@type":"PropertyValueSpecification","valueRequired":true,"valueName":"search_term_string"}}],"inLanguage":"fr-FR"}]}},"_links":{"self":[{"href":"https:\/\/www.missimmo.com\/fr\/wp-json\/wp\/v2\/pages\/4503"}],"collection":[{"href":"https:\/\/www.missimmo.com\/fr\/wp-json\/wp\/v2\/pages"}],"about":[{"href":"https:\/\/www.missimmo.com\/fr\/wp-json\/wp\/v2\/types\/page"}],"author":[{"embeddable":true,"href":"https:\/\/www.missimmo.com\/fr\/wp-json\/wp\/v2\/users\/1"}],"replies":[{"embeddable":true,"href":"https:\/\/www.missimmo.com\/fr\/wp-json\/wp\/v2\/comments?post=4503"}],"version-history":[{"count":3,"href":"https:\/\/www.missimmo.com\/fr\/wp-json\/wp\/v2\/pages\/4503\/revisions"}],"predecessor-version":[{"id":16775,"href":"https:\/\/www.missimmo.com\/fr\/wp-json\/wp\/v2\/pages\/4503\/revisions\/16775"}],"wp:featuredmedia":[{"embeddable":true,"href":"https:\/\/www.missimmo.com\/fr\/wp-json\/wp\/v2\/media\/9413"}],"wp:attachment":[{"href":"https:\/\/www.missimmo.com\/fr\/wp-json\/wp\/v2\/media?parent=4503"}],"curies":[{"name":"wp","href":"https:\/\/api.w.org\/{rel}","templated":true}]}}