{"id":4500,"date":"2019-04-05T16:13:29","date_gmt":"2019-04-05T14:13:29","guid":{"rendered":"https:\/\/www.missimmo.com\/?page_id=4500"},"modified":"2019-06-04T23:22:24","modified_gmt":"2019-06-04T21:22:24","slug":"confidentialite","status":"publish","type":"page","link":"https:\/\/www.missimmo.com\/fr\/confidentialite\/","title":{"rendered":"Confidentialit\u00e9"},"content":{"rendered":"<h2 style=\"text-align: justify;\">I. INFORMATIONS G\u00c9N\u00c9RALES<\/h2>\n<p style=\"text-align: justify;\">Par l&rsquo;interm\u00e9diaire du site internet \u00ab\u00a0www.missimmo.com\u00a0\u00bb (ci-apr\u00e8s d\u00e9nomm\u00e9 le \u00ab\u00a0site\u00a0\u00bb), IDW-MISSIMMO peut collecter les donn\u00e9es personnelles de toute personne (ci-apr\u00e8s d\u00e9nomm\u00e9 \u00ab\u00a0l&rsquo;utilisateur\u00a0\u00bb) effectuant une demande en ligne. La collecte ainsi que le traitement des donn\u00e9es \u00e0 caract\u00e8re personnel transmises par l&rsquo;utilisateur \u00e0 IDW-MISSIMMO lors de la candidature en ligne sont soumis aux dispositions de la loi N\u00b0 78-17 Informatique et Libert\u00e9s du 6 Janvier 1978 (telle que modifi\u00e9e).<\/p>\n<p>&nbsp;<\/p>\n<h2 style=\"text-align: justify;\">II. DROIT D&rsquo;ACCES, DE CORRECTION, DE SUPPRESSION et D&rsquo;OPPOSITION AU TRAITEMENT<\/h2>\n<p style=\"text-align: justify;\">L&rsquo;utilisateur dispose d&rsquo;un droit d&rsquo;acc\u00e8s, de rectification et de suppression des informations personnelles le concernant. Ainsi que la possibilit\u00e9 de s&rsquo;opposer au traitement de ses donn\u00e9es. Qu&rsquo;il peut exercer \u00e0 tout moment en envoyant un courrier \u00e0 l&rsquo;adresse suivante: IDW-MISSIMMO, rue du bord de mer &#8211; Gustavia &#8211; 97144 Saint Barth\u00e9lemy. Ou \u00e0 l&rsquo;adresse Email: info@missimmo.com.<\/p>\n<p>&nbsp;<\/p>\n<h2 style=\"text-align: justify;\">III. GESTION DES DONN\u00c9ES PERSONNELLES<\/h2>\n<p style=\"padding-left: 60px; text-align: justify;\"><strong>3.1 Buts de la collecte des donn\u00e9es<\/strong><\/p>\n<p style=\"text-align: justify;\">Le but de la collecte des donn\u00e9es personnelles est de permettre aux utilisateurs de faire des demandes en ligne de villas propos\u00e9es par IDW-MISSIMMO. Les informations essentielles pour r\u00e9pondre aux demandes des utilisateurs sont leur nom, pr\u00e9nom, adresse, Email, t\u00e9l\u00e9phone.<\/p>\n<p>&nbsp;<\/p>\n<p style=\"padding-left: 60px; text-align: justify;\"><strong>3.2 Conservation des donn\u00e9es personnelles<\/strong><\/p>\n<p style=\"text-align: justify;\">IDW-MISSiMMO s&rsquo;engage \u00e0 utiliser les donn\u00e9es personnelles des utilisateurs uniquement pendant la dur\u00e9e n\u00e9cessaire \u00e0 la r\u00e9alisation des fins d\u00e9crites ci-dessus, et au plus pour un p\u00e9riode de trois ans \u00e0 compter de la derni\u00e8re transaction demand\u00e9e par l&rsquo;utilisateur.<\/p>\n<p>&nbsp;<\/p>\n<p style=\"padding-left: 60px; text-align: justify;\"><strong>3.3 Les destinataires des donn\u00e9es personnelles<\/strong><\/p>\n<p style=\"text-align: justify;\">IDW-MISSiMMO ne transmet les donn\u00e9es des utilisateurs que lorsque l&rsquo;utilisateur a pr\u00e9alablement donn\u00e9 son accord \u00e0 IDW-MISSIMMO pour le partage de ses donn\u00e9es avec ce tiers. Fournir le service demand\u00e9 par l&rsquo;utilisateur ou r\u00e9pondre \u00e0 sa demande. IDW-MISSIMMO est charg\u00e9 par une autorit\u00e9 judiciaire ou une autre autorit\u00e9 administrative comp\u00e9tente de fournir les donn\u00e9es en question.<\/p>\n<p>&nbsp;<\/p>\n<p style=\"padding-left: 60px; text-align: justify;\"><strong>3.4 S\u00e9curit\u00e9 et confidentialit\u00e9 des donn\u00e9es personnelles<\/strong><\/p>\n<p style=\"text-align: justify;\">IDW-MISSiMMO s&rsquo;est efforc\u00e9 de mettre en place toutes les mesures n\u00e9cessaires pour pr\u00e9server la confidentialit\u00e9 ainsi que la s\u00e9curit\u00e9 des donn\u00e9es personnelles de l&rsquo;utilisateur afin d&rsquo;\u00e9viter l&rsquo;alt\u00e9ration des donn\u00e9es, leur destruction, ou un acc\u00e8s non autoris\u00e9 par eux.<\/p>\n","protected":false},"excerpt":{"rendered":"<p>I. INFORMATIONS G\u00c9N\u00c9RALES Par l&rsquo;interm\u00e9diaire du site internet \u00ab\u00a0www.missimmo.com\u00a0\u00bb (ci-apr\u00e8s d\u00e9nomm\u00e9 le \u00ab\u00a0site\u00a0\u00bb), IDW-MISSIMMO peut collecter les donn\u00e9es personnelles de toute personne (ci-apr\u00e8s d\u00e9nomm\u00e9 \u00ab\u00a0l&rsquo;utilisateur\u00a0\u00bb) effectuant une demande en ligne. La collecte ainsi que le traitement des donn\u00e9es \u00e0 caract\u00e8re personnel transmises par l&rsquo;utilisateur \u00e0 IDW-MISSIMMO lors de la candidature en ligne sont soumis aux [&hellip;]<\/p>\n","protected":false},"author":1,"featured_media":0,"parent":0,"menu_order":11,"comment_status":"closed","ping_status":"closed","template":"template-about-missimmo.php","meta":{"footnotes":""},"yoast_head":"<!-- This site is optimized with the Yoast SEO plugin v24.5 - https:\/\/yoast.com\/wordpress\/plugins\/seo\/ -->\n<title>Confidentialit\u00e9 des Donn\u00e9es - Agence Immobili\u00e8re MISSiMMO St Barth<\/title>\n<meta name=\"description\" content=\"Veuillez prendre connaissance des articles concernant la confidentialit\u00e9 des donn\u00e9es sur notre site internet de l&#039;agence immobili\u00e8re MISSiMMO St Barth.\" \/>\n<meta name=\"robots\" content=\"index, follow, max-snippet:-1, max-image-preview:large, max-video-preview:-1\" \/>\n<link rel=\"canonical\" href=\"https:\/\/www.missimmo.com\/fr\/confidentialite\/\" \/>\n<meta property=\"og:locale\" content=\"fr_FR\" \/>\n<meta property=\"og:type\" content=\"article\" \/>\n<meta property=\"og:title\" content=\"Confidentialit\u00e9 des Donn\u00e9es - Agence Immobili\u00e8re MISSiMMO St Barth\" \/>\n<meta property=\"og:description\" content=\"Veuillez prendre connaissance des articles concernant la confidentialit\u00e9 des donn\u00e9es sur notre site internet de l&#039;agence immobili\u00e8re MISSiMMO St Barth.\" \/>\n<meta property=\"og:url\" content=\"https:\/\/www.missimmo.com\/fr\/confidentialite\/\" \/>\n<meta property=\"og:site_name\" content=\"Missimmo St Barth\" \/>\n<meta property=\"article:modified_time\" content=\"2019-06-04T21:22:24+00:00\" \/>\n<meta name=\"twitter:card\" content=\"summary_large_image\" \/>\n<meta name=\"twitter:label1\" content=\"Dur\u00e9e de lecture estim\u00e9e\" \/>\n\t<meta name=\"twitter:data1\" content=\"2 minutes\" \/>\n<script type=\"application\/ld+json\" class=\"yoast-schema-graph\">{\"@context\":\"https:\/\/schema.org\",\"@graph\":[{\"@type\":\"WebPage\",\"@id\":\"https:\/\/www.missimmo.com\/fr\/confidentialite\/\",\"url\":\"https:\/\/www.missimmo.com\/fr\/confidentialite\/\",\"name\":\"Confidentialit\u00e9 des Donn\u00e9es - Agence Immobili\u00e8re MISSiMMO St Barth\",\"isPartOf\":{\"@id\":\"https:\/\/www.missimmo.com\/#website\"},\"datePublished\":\"2019-04-05T14:13:29+00:00\",\"dateModified\":\"2019-06-04T21:22:24+00:00\",\"description\":\"Veuillez prendre connaissance des articles concernant la confidentialit\u00e9 des donn\u00e9es sur notre site internet de l'agence immobili\u00e8re MISSiMMO St Barth.\",\"breadcrumb\":{\"@id\":\"https:\/\/www.missimmo.com\/fr\/confidentialite\/#breadcrumb\"},\"inLanguage\":\"fr-FR\",\"potentialAction\":[{\"@type\":\"ReadAction\",\"target\":[\"https:\/\/www.missimmo.com\/fr\/confidentialite\/\"]}]},{\"@type\":\"BreadcrumbList\",\"@id\":\"https:\/\/www.missimmo.com\/fr\/confidentialite\/#breadcrumb\",\"itemListElement\":[{\"@type\":\"ListItem\",\"position\":1,\"name\":\"Home\",\"item\":\"https:\/\/www.missimmo.com\/fr\/\"},{\"@type\":\"ListItem\",\"position\":2,\"name\":\"Confidentialit\u00e9\"}]},{\"@type\":\"WebSite\",\"@id\":\"https:\/\/www.missimmo.com\/#website\",\"url\":\"https:\/\/www.missimmo.com\/\",\"name\":\"Missimmo St Barth\",\"description\":\"\",\"potentialAction\":[{\"@type\":\"SearchAction\",\"target\":{\"@type\":\"EntryPoint\",\"urlTemplate\":\"https:\/\/www.missimmo.com\/?s={search_term_string}\"},\"query-input\":{\"@type\":\"PropertyValueSpecification\",\"valueRequired\":true,\"valueName\":\"search_term_string\"}}],\"inLanguage\":\"fr-FR\"}]}<\/script>\n<!-- \/ Yoast SEO plugin. -->","yoast_head_json":{"title":"Confidentialit\u00e9 des Donn\u00e9es - Agence Immobili\u00e8re MISSiMMO St Barth","description":"Veuillez prendre connaissance des articles concernant la confidentialit\u00e9 des donn\u00e9es sur notre site internet de l'agence immobili\u00e8re MISSiMMO St Barth.","robots":{"index":"index","follow":"follow","max-snippet":"max-snippet:-1","max-image-preview":"max-image-preview:large","max-video-preview":"max-video-preview:-1"},"canonical":"https:\/\/www.missimmo.com\/fr\/confidentialite\/","og_locale":"fr_FR","og_type":"article","og_title":"Confidentialit\u00e9 des Donn\u00e9es - Agence Immobili\u00e8re MISSiMMO St Barth","og_description":"Veuillez prendre connaissance des articles concernant la confidentialit\u00e9 des donn\u00e9es sur notre site internet de l'agence immobili\u00e8re MISSiMMO St Barth.","og_url":"https:\/\/www.missimmo.com\/fr\/confidentialite\/","og_site_name":"Missimmo St Barth","article_modified_time":"2019-06-04T21:22:24+00:00","twitter_card":"summary_large_image","twitter_misc":{"Dur\u00e9e de lecture estim\u00e9e":"2 minutes"},"schema":{"@context":"https:\/\/schema.org","@graph":[{"@type":"WebPage","@id":"https:\/\/www.missimmo.com\/fr\/confidentialite\/","url":"https:\/\/www.missimmo.com\/fr\/confidentialite\/","name":"Confidentialit\u00e9 des Donn\u00e9es - Agence Immobili\u00e8re MISSiMMO St Barth","isPartOf":{"@id":"https:\/\/www.missimmo.com\/#website"},"datePublished":"2019-04-05T14:13:29+00:00","dateModified":"2019-06-04T21:22:24+00:00","description":"Veuillez prendre connaissance des articles concernant la confidentialit\u00e9 des donn\u00e9es sur notre site internet de l'agence immobili\u00e8re MISSiMMO St Barth.","breadcrumb":{"@id":"https:\/\/www.missimmo.com\/fr\/confidentialite\/#breadcrumb"},"inLanguage":"fr-FR","potentialAction":[{"@type":"ReadAction","target":["https:\/\/www.missimmo.com\/fr\/confidentialite\/"]}]},{"@type":"BreadcrumbList","@id":"https:\/\/www.missimmo.com\/fr\/confidentialite\/#breadcrumb","itemListElement":[{"@type":"ListItem","position":1,"name":"Home","item":"https:\/\/www.missimmo.com\/fr\/"},{"@type":"ListItem","position":2,"name":"Confidentialit\u00e9"}]},{"@type":"WebSite","@id":"https:\/\/www.missimmo.com\/#website","url":"https:\/\/www.missimmo.com\/","name":"Missimmo St Barth","description":"","potentialAction":[{"@type":"SearchAction","target":{"@type":"EntryPoint","urlTemplate":"https:\/\/www.missimmo.com\/?s={search_term_string}"},"query-input":{"@type":"PropertyValueSpecification","valueRequired":true,"valueName":"search_term_string"}}],"inLanguage":"fr-FR"}]}},"_links":{"self":[{"href":"https:\/\/www.missimmo.com\/fr\/wp-json\/wp\/v2\/pages\/4500"}],"collection":[{"href":"https:\/\/www.missimmo.com\/fr\/wp-json\/wp\/v2\/pages"}],"about":[{"href":"https:\/\/www.missimmo.com\/fr\/wp-json\/wp\/v2\/types\/page"}],"author":[{"embeddable":true,"href":"https:\/\/www.missimmo.com\/fr\/wp-json\/wp\/v2\/users\/1"}],"replies":[{"embeddable":true,"href":"https:\/\/www.missimmo.com\/fr\/wp-json\/wp\/v2\/comments?post=4500"}],"version-history":[{"count":4,"href":"https:\/\/www.missimmo.com\/fr\/wp-json\/wp\/v2\/pages\/4500\/revisions"}],"predecessor-version":[{"id":12067,"href":"https:\/\/www.missimmo.com\/fr\/wp-json\/wp\/v2\/pages\/4500\/revisions\/12067"}],"wp:attachment":[{"href":"https:\/\/www.missimmo.com\/fr\/wp-json\/wp\/v2\/media?parent=4500"}],"curies":[{"name":"wp","href":"https:\/\/api.w.org\/{rel}","templated":true}]}}