{"id":4494,"date":"2018-06-27T21:29:51","date_gmt":"2018-06-27T19:29:51","guid":{"rendered":"https:\/\/www.missimmo.com\/?page_id=4494"},"modified":"2022-09-08T15:48:54","modified_gmt":"2022-09-08T13:48:54","slug":"contact","status":"publish","type":"page","link":"https:\/\/www.missimmo.com\/fr\/contact\/","title":{"rendered":"Contact"},"content":{"rendered":"<h2 style=\"text-align: center;\">Entrez en Contact !<\/h2>\n<p style=\"text-align: center;\">Notre \u00e9quipe est pr\u00eate \u00e0 vous offrir le meilleur service de <strong>location<\/strong>, de <strong>vente<\/strong> et de <strong>gestion<\/strong>.<\/p>\n<p>&nbsp;<\/p>\n<p style=\"text-align: center;\">N&rsquo;h\u00e9sitez pas \u00e0 venir dans nos bureaux \u00e0 Gustavia, pour toute demande.<\/p>\n<p style=\"text-align: center;\">\u00c0 partir du 12 Septembre 2022, nous serons ouverts du Lundi au Vendredi de 8H00 \u00e0 12H30 et de 14H30 \u00e0 17H00.<\/p>\n","protected":false},"excerpt":{"rendered":"<p>Entrez en Contact ! Notre \u00e9quipe est pr\u00eate \u00e0 vous offrir le meilleur service de location, de vente et de gestion. &nbsp; N&rsquo;h\u00e9sitez pas \u00e0 venir dans nos bureaux \u00e0 Gustavia, pour toute demande. \u00c0 partir du 12 Septembre 2022, nous serons ouverts du Lundi au Vendredi de 8H00 \u00e0 12H30 et de 14H30 \u00e0 [&hellip;]<\/p>\n","protected":false},"author":1,"featured_media":6631,"parent":0,"menu_order":6,"comment_status":"closed","ping_status":"closed","template":"template-contact.php","meta":{"footnotes":""},"yoast_head":"<!-- This site is optimized with the Yoast SEO plugin v24.5 - https:\/\/yoast.com\/wordpress\/plugins\/seo\/ -->\n<title>Contact - Missimmo St Barth<\/title>\n<meta name=\"robots\" content=\"index, follow, max-snippet:-1, max-image-preview:large, max-video-preview:-1\" \/>\n<link rel=\"canonical\" href=\"https:\/\/www.missimmo.com\/fr\/contact\/\" \/>\n<meta property=\"og:locale\" content=\"fr_FR\" \/>\n<meta property=\"og:type\" content=\"article\" \/>\n<meta property=\"og:title\" content=\"Contact - Missimmo St Barth\" \/>\n<meta property=\"og:description\" content=\"Entrez en Contact ! Notre \u00e9quipe est pr\u00eate \u00e0 vous offrir le meilleur service de location, de vente et de gestion. &nbsp; N&rsquo;h\u00e9sitez pas \u00e0 venir dans nos bureaux \u00e0 Gustavia, pour toute demande. \u00c0 partir du 12 Septembre 2022, nous serons ouverts du Lundi au Vendredi de 8H00 \u00e0 12H30 et de 14H30 \u00e0 [&hellip;]\" \/>\n<meta property=\"og:url\" content=\"https:\/\/www.missimmo.com\/fr\/contact\/\" \/>\n<meta property=\"og:site_name\" content=\"Missimmo St Barth\" \/>\n<meta property=\"article:modified_time\" content=\"2022-09-08T13:48:54+00:00\" \/>\n<meta property=\"og:image\" content=\"https:\/\/www.missimmo.com\/wp-content\/uploads\/2018\/01\/IMG_3479.jpg\" \/>\n\t<meta property=\"og:image:width\" content=\"1620\" \/>\n\t<meta property=\"og:image:height\" content=\"1080\" \/>\n\t<meta property=\"og:image:type\" content=\"image\/jpeg\" \/>\n<meta name=\"twitter:card\" content=\"summary_large_image\" \/>\n<meta name=\"twitter:label1\" content=\"Dur\u00e9e de lecture estim\u00e9e\" \/>\n\t<meta name=\"twitter:data1\" content=\"1 minute\" \/>\n<script type=\"application\/ld+json\" class=\"yoast-schema-graph\">{\"@context\":\"https:\/\/schema.org\",\"@graph\":[{\"@type\":\"WebPage\",\"@id\":\"https:\/\/www.missimmo.com\/fr\/contact\/\",\"url\":\"https:\/\/www.missimmo.com\/fr\/contact\/\",\"name\":\"Contact - Missimmo St Barth\",\"isPartOf\":{\"@id\":\"https:\/\/www.missimmo.com\/#website\"},\"primaryImageOfPage\":{\"@id\":\"https:\/\/www.missimmo.com\/fr\/contact\/#primaryimage\"},\"image\":{\"@id\":\"https:\/\/www.missimmo.com\/fr\/contact\/#primaryimage\"},\"thumbnailUrl\":\"https:\/\/www.missimmo.com\/wp-content\/uploads\/2018\/01\/IMG_3479.jpg\",\"datePublished\":\"2018-06-27T19:29:51+00:00\",\"dateModified\":\"2022-09-08T13:48:54+00:00\",\"breadcrumb\":{\"@id\":\"https:\/\/www.missimmo.com\/fr\/contact\/#breadcrumb\"},\"inLanguage\":\"fr-FR\",\"potentialAction\":[{\"@type\":\"ReadAction\",\"target\":[\"https:\/\/www.missimmo.com\/fr\/contact\/\"]}]},{\"@type\":\"ImageObject\",\"inLanguage\":\"fr-FR\",\"@id\":\"https:\/\/www.missimmo.com\/fr\/contact\/#primaryimage\",\"url\":\"https:\/\/www.missimmo.com\/wp-content\/uploads\/2018\/01\/IMG_3479.jpg\",\"contentUrl\":\"https:\/\/www.missimmo.com\/wp-content\/uploads\/2018\/01\/IMG_3479.jpg\",\"width\":1620,\"height\":1080,\"caption\":\"Frontage Agency\"},{\"@type\":\"BreadcrumbList\",\"@id\":\"https:\/\/www.missimmo.com\/fr\/contact\/#breadcrumb\",\"itemListElement\":[{\"@type\":\"ListItem\",\"position\":1,\"name\":\"Home\",\"item\":\"https:\/\/www.missimmo.com\/fr\/\"},{\"@type\":\"ListItem\",\"position\":2,\"name\":\"Contact\"}]},{\"@type\":\"WebSite\",\"@id\":\"https:\/\/www.missimmo.com\/#website\",\"url\":\"https:\/\/www.missimmo.com\/\",\"name\":\"Missimmo St Barth\",\"description\":\"\",\"potentialAction\":[{\"@type\":\"SearchAction\",\"target\":{\"@type\":\"EntryPoint\",\"urlTemplate\":\"https:\/\/www.missimmo.com\/?s={search_term_string}\"},\"query-input\":{\"@type\":\"PropertyValueSpecification\",\"valueRequired\":true,\"valueName\":\"search_term_string\"}}],\"inLanguage\":\"fr-FR\"}]}<\/script>\n<!-- \/ Yoast SEO plugin. -->","yoast_head_json":{"title":"Contact - Missimmo St Barth","robots":{"index":"index","follow":"follow","max-snippet":"max-snippet:-1","max-image-preview":"max-image-preview:large","max-video-preview":"max-video-preview:-1"},"canonical":"https:\/\/www.missimmo.com\/fr\/contact\/","og_locale":"fr_FR","og_type":"article","og_title":"Contact - Missimmo St Barth","og_description":"Entrez en Contact ! Notre \u00e9quipe est pr\u00eate \u00e0 vous offrir le meilleur service de location, de vente et de gestion. &nbsp; N&rsquo;h\u00e9sitez pas \u00e0 venir dans nos bureaux \u00e0 Gustavia, pour toute demande. \u00c0 partir du 12 Septembre 2022, nous serons ouverts du Lundi au Vendredi de 8H00 \u00e0 12H30 et de 14H30 \u00e0 [&hellip;]","og_url":"https:\/\/www.missimmo.com\/fr\/contact\/","og_site_name":"Missimmo St Barth","article_modified_time":"2022-09-08T13:48:54+00:00","og_image":[{"width":1620,"height":1080,"url":"https:\/\/www.missimmo.com\/wp-content\/uploads\/2018\/01\/IMG_3479.jpg","type":"image\/jpeg"}],"twitter_card":"summary_large_image","twitter_misc":{"Dur\u00e9e de lecture estim\u00e9e":"1 minute"},"schema":{"@context":"https:\/\/schema.org","@graph":[{"@type":"WebPage","@id":"https:\/\/www.missimmo.com\/fr\/contact\/","url":"https:\/\/www.missimmo.com\/fr\/contact\/","name":"Contact - Missimmo St Barth","isPartOf":{"@id":"https:\/\/www.missimmo.com\/#website"},"primaryImageOfPage":{"@id":"https:\/\/www.missimmo.com\/fr\/contact\/#primaryimage"},"image":{"@id":"https:\/\/www.missimmo.com\/fr\/contact\/#primaryimage"},"thumbnailUrl":"https:\/\/www.missimmo.com\/wp-content\/uploads\/2018\/01\/IMG_3479.jpg","datePublished":"2018-06-27T19:29:51+00:00","dateModified":"2022-09-08T13:48:54+00:00","breadcrumb":{"@id":"https:\/\/www.missimmo.com\/fr\/contact\/#breadcrumb"},"inLanguage":"fr-FR","potentialAction":[{"@type":"ReadAction","target":["https:\/\/www.missimmo.com\/fr\/contact\/"]}]},{"@type":"ImageObject","inLanguage":"fr-FR","@id":"https:\/\/www.missimmo.com\/fr\/contact\/#primaryimage","url":"https:\/\/www.missimmo.com\/wp-content\/uploads\/2018\/01\/IMG_3479.jpg","contentUrl":"https:\/\/www.missimmo.com\/wp-content\/uploads\/2018\/01\/IMG_3479.jpg","width":1620,"height":1080,"caption":"Frontage Agency"},{"@type":"BreadcrumbList","@id":"https:\/\/www.missimmo.com\/fr\/contact\/#breadcrumb","itemListElement":[{"@type":"ListItem","position":1,"name":"Home","item":"https:\/\/www.missimmo.com\/fr\/"},{"@type":"ListItem","position":2,"name":"Contact"}]},{"@type":"WebSite","@id":"https:\/\/www.missimmo.com\/#website","url":"https:\/\/www.missimmo.com\/","name":"Missimmo St Barth","description":"","potentialAction":[{"@type":"SearchAction","target":{"@type":"EntryPoint","urlTemplate":"https:\/\/www.missimmo.com\/?s={search_term_string}"},"query-input":{"@type":"PropertyValueSpecification","valueRequired":true,"valueName":"search_term_string"}}],"inLanguage":"fr-FR"}]}},"_links":{"self":[{"href":"https:\/\/www.missimmo.com\/fr\/wp-json\/wp\/v2\/pages\/4494"}],"collection":[{"href":"https:\/\/www.missimmo.com\/fr\/wp-json\/wp\/v2\/pages"}],"about":[{"href":"https:\/\/www.missimmo.com\/fr\/wp-json\/wp\/v2\/types\/page"}],"author":[{"embeddable":true,"href":"https:\/\/www.missimmo.com\/fr\/wp-json\/wp\/v2\/users\/1"}],"replies":[{"embeddable":true,"href":"https:\/\/www.missimmo.com\/fr\/wp-json\/wp\/v2\/comments?post=4494"}],"version-history":[{"count":3,"href":"https:\/\/www.missimmo.com\/fr\/wp-json\/wp\/v2\/pages\/4494\/revisions"}],"predecessor-version":[{"id":16269,"href":"https:\/\/www.missimmo.com\/fr\/wp-json\/wp\/v2\/pages\/4494\/revisions\/16269"}],"wp:featuredmedia":[{"embeddable":true,"href":"https:\/\/www.missimmo.com\/fr\/wp-json\/wp\/v2\/media\/6631"}],"wp:attachment":[{"href":"https:\/\/www.missimmo.com\/fr\/wp-json\/wp\/v2\/media?parent=4494"}],"curies":[{"name":"wp","href":"https:\/\/api.w.org\/{rel}","templated":true}]}}