{"id":4491,"date":"2018-06-28T20:54:14","date_gmt":"2018-06-28T18:54:14","guid":{"rendered":"https:\/\/www.missimmo.com\/?page_id=4491"},"modified":"2019-06-14T17:18:35","modified_gmt":"2019-06-14T15:18:35","slug":"st-barth","status":"publish","type":"page","link":"https:\/\/www.missimmo.com\/fr\/a-propros\/st-barth\/","title":{"rendered":"St Barth"},"content":{"rendered":"<h2 style=\"text-align: justify;\">D\u00e9couvrez l&rsquo;\u00eele ainsi que les habitants de Saint Barth\u00e9lemy&#8230;<\/h2>\n<p style=\"text-align: justify;\">\u00ab\u00a0St Barth\u00a0\u00bb pour les intimes, est situ\u00e9e Latitude 15 \u00b0 55 Nord et Longitude 62 \u00b0 50 Ouest, juste au-dessus du tropique du Cancer dans l&rsquo;extr\u00eame Nord-Est de la mer des Cara\u00efbes. L&rsquo;\u00eele est \u00e0 environ 6 000 Km de Paris, 2 500 Km de New-York et \u00e0 180 Km de l&rsquo;\u00eele de Puerto Rico. Elle est situ\u00e9e entre les \u00eeles de Saint Martin et St Kitts &amp; Nevis par le Sud-Ouest et entre les \u00eeles d&rsquo;Antigua &amp; Barbuda par le Sud-Est, ainsi qu&rsquo;entre la mer des Cara\u00efbes et l&rsquo;Oc\u00e9an Atlantique. L&rsquo;\u00eele a conserv\u00e9 son charme d&rsquo;autrefois et son environnement intact.<\/p>\n<p style=\"text-align: justify;\">Le climat est de type Marin Tropical.Il pleut souvent, mais pour une courte dur\u00e9e. La temp\u00e9rature moyenne varie de 22\u00b0C en hiver \u00e0 30\u00b0C en \u00e9t\u00e9 (Temp\u00e9rature prises \u00e0 l&rsquo;ombre). On peut \u00e9galement se baigner toute l&rsquo;ann\u00e9e dans une eau translucide, presque jamais inf\u00e9rieure \u00e0 25\u00b0C.<\/p>\n<p style=\"text-align: justify;\">De plus, l&rsquo;\u00eele jouit d&rsquo;une qualit\u00e9 de vie et s\u00e9curit\u00e9 incomparable qui font d&rsquo;elle une \u00eele \u00e0 visiter absolument.<\/p>\n<p style=\"text-align: justify;\">D\u00e9couvrez ou red\u00e9couvrez la nature, la faune, la flore, l&rsquo;histoire de St Barth&#8230; Il y a tant de chose \u00e0 raconter! Seul, en famille, entre amis, pour votre mariage, votre lune de miel&#8230; Venez nous rendre visite, vous y reviendrez!<\/p>\n","protected":false},"excerpt":{"rendered":"<p>D\u00e9couvrez l&rsquo;\u00eele de Saint Barth\u00e9lemy et confiez \u00e0 votre concierge le soin de vous concocter d&rsquo;incroyables exp\u00e9riences.<\/p>\n","protected":false},"author":1,"featured_media":4668,"parent":4485,"menu_order":1,"comment_status":"closed","ping_status":"closed","template":"template-about-stbarts.php","meta":{"footnotes":""},"yoast_head":"<!-- This site is optimized with the Yoast SEO plugin v24.5 - https:\/\/yoast.com\/wordpress\/plugins\/seo\/ -->\n<title>L&#039;\u00cele de Saint Barth\u00e9lemy - Agence Immobili\u00e8re - MISSiMMO St Barth<\/title>\n<meta name=\"description\" content=\"Laissez-vous guider par votre concierge. L&#039;Agence Immobili\u00e8re MISSiMMO St Barth vous fera d\u00e9couvrir tout les aspects de l&#039;\u00eele de Saint Barth\u00e9lemy.\" \/>\n<meta name=\"robots\" content=\"index, follow, max-snippet:-1, max-image-preview:large, max-video-preview:-1\" \/>\n<link rel=\"canonical\" href=\"https:\/\/www.missimmo.com\/fr\/a-propros\/st-barth\/\" \/>\n<meta property=\"og:locale\" content=\"fr_FR\" \/>\n<meta property=\"og:type\" content=\"article\" \/>\n<meta property=\"og:title\" content=\"L&#039;\u00cele de Saint Barth\u00e9lemy - Agence Immobili\u00e8re - MISSiMMO St Barth\" \/>\n<meta property=\"og:description\" content=\"Laissez-vous guider par votre concierge. L&#039;Agence Immobili\u00e8re MISSiMMO St Barth vous fera d\u00e9couvrir tout les aspects de l&#039;\u00eele de Saint Barth\u00e9lemy.\" \/>\n<meta property=\"og:url\" content=\"https:\/\/www.missimmo.com\/fr\/a-propros\/st-barth\/\" \/>\n<meta property=\"og:site_name\" content=\"Missimmo St Barth\" \/>\n<meta property=\"article:modified_time\" content=\"2019-06-14T15:18:35+00:00\" \/>\n<meta property=\"og:image\" content=\"https:\/\/www.missimmo.com\/wp-content\/uploads\/2018\/07\/Carte-de-li\u0302le.jpg\" \/>\n\t<meta property=\"og:image:width\" content=\"1400\" \/>\n\t<meta property=\"og:image:height\" content=\"933\" \/>\n\t<meta property=\"og:image:type\" content=\"image\/jpeg\" \/>\n<meta name=\"twitter:card\" content=\"summary_large_image\" \/>\n<meta name=\"twitter:label1\" content=\"Dur\u00e9e de lecture estim\u00e9e\" \/>\n\t<meta name=\"twitter:data1\" content=\"1 minute\" \/>\n<script type=\"application\/ld+json\" class=\"yoast-schema-graph\">{\"@context\":\"https:\/\/schema.org\",\"@graph\":[{\"@type\":\"WebPage\",\"@id\":\"https:\/\/www.missimmo.com\/fr\/a-propros\/st-barth\/\",\"url\":\"https:\/\/www.missimmo.com\/fr\/a-propros\/st-barth\/\",\"name\":\"L'\u00cele de Saint Barth\u00e9lemy - Agence Immobili\u00e8re - MISSiMMO St Barth\",\"isPartOf\":{\"@id\":\"https:\/\/www.missimmo.com\/#website\"},\"primaryImageOfPage\":{\"@id\":\"https:\/\/www.missimmo.com\/fr\/a-propros\/st-barth\/#primaryimage\"},\"image\":{\"@id\":\"https:\/\/www.missimmo.com\/fr\/a-propros\/st-barth\/#primaryimage\"},\"thumbnailUrl\":\"https:\/\/www.missimmo.com\/wp-content\/uploads\/2018\/07\/Carte-de-li\u0302le.jpg\",\"datePublished\":\"2018-06-28T18:54:14+00:00\",\"dateModified\":\"2019-06-14T15:18:35+00:00\",\"description\":\"Laissez-vous guider par votre concierge. L'Agence Immobili\u00e8re MISSiMMO St Barth vous fera d\u00e9couvrir tout les aspects de l'\u00eele de Saint Barth\u00e9lemy.\",\"breadcrumb\":{\"@id\":\"https:\/\/www.missimmo.com\/fr\/a-propros\/st-barth\/#breadcrumb\"},\"inLanguage\":\"fr-FR\",\"potentialAction\":[{\"@type\":\"ReadAction\",\"target\":[\"https:\/\/www.missimmo.com\/fr\/a-propros\/st-barth\/\"]}]},{\"@type\":\"ImageObject\",\"inLanguage\":\"fr-FR\",\"@id\":\"https:\/\/www.missimmo.com\/fr\/a-propros\/st-barth\/#primaryimage\",\"url\":\"https:\/\/www.missimmo.com\/wp-content\/uploads\/2018\/07\/Carte-de-li\u0302le.jpg\",\"contentUrl\":\"https:\/\/www.missimmo.com\/wp-content\/uploads\/2018\/07\/Carte-de-li\u0302le.jpg\",\"width\":1400,\"height\":933,\"caption\":\"Carte de l'\u00eele\"},{\"@type\":\"BreadcrumbList\",\"@id\":\"https:\/\/www.missimmo.com\/fr\/a-propros\/st-barth\/#breadcrumb\",\"itemListElement\":[{\"@type\":\"ListItem\",\"position\":1,\"name\":\"Home\",\"item\":\"https:\/\/www.missimmo.com\/fr\/\"},{\"@type\":\"ListItem\",\"position\":2,\"name\":\"A Propros\",\"item\":\"https:\/\/www.missimmo.com\/fr\/a-propros\/\"},{\"@type\":\"ListItem\",\"position\":3,\"name\":\"St Barth\"}]},{\"@type\":\"WebSite\",\"@id\":\"https:\/\/www.missimmo.com\/#website\",\"url\":\"https:\/\/www.missimmo.com\/\",\"name\":\"Missimmo St Barth\",\"description\":\"\",\"potentialAction\":[{\"@type\":\"SearchAction\",\"target\":{\"@type\":\"EntryPoint\",\"urlTemplate\":\"https:\/\/www.missimmo.com\/?s={search_term_string}\"},\"query-input\":{\"@type\":\"PropertyValueSpecification\",\"valueRequired\":true,\"valueName\":\"search_term_string\"}}],\"inLanguage\":\"fr-FR\"}]}<\/script>\n<!-- \/ Yoast SEO plugin. -->","yoast_head_json":{"title":"L'\u00cele de Saint Barth\u00e9lemy - Agence Immobili\u00e8re - MISSiMMO St Barth","description":"Laissez-vous guider par votre concierge. L'Agence Immobili\u00e8re MISSiMMO St Barth vous fera d\u00e9couvrir tout les aspects de l'\u00eele de Saint Barth\u00e9lemy.","robots":{"index":"index","follow":"follow","max-snippet":"max-snippet:-1","max-image-preview":"max-image-preview:large","max-video-preview":"max-video-preview:-1"},"canonical":"https:\/\/www.missimmo.com\/fr\/a-propros\/st-barth\/","og_locale":"fr_FR","og_type":"article","og_title":"L'\u00cele de Saint Barth\u00e9lemy - Agence Immobili\u00e8re - MISSiMMO St Barth","og_description":"Laissez-vous guider par votre concierge. L'Agence Immobili\u00e8re MISSiMMO St Barth vous fera d\u00e9couvrir tout les aspects de l'\u00eele de Saint Barth\u00e9lemy.","og_url":"https:\/\/www.missimmo.com\/fr\/a-propros\/st-barth\/","og_site_name":"Missimmo St Barth","article_modified_time":"2019-06-14T15:18:35+00:00","og_image":[{"width":1400,"height":933,"url":"https:\/\/www.missimmo.com\/wp-content\/uploads\/2018\/07\/Carte-de-li\u0302le.jpg","type":"image\/jpeg"}],"twitter_card":"summary_large_image","twitter_misc":{"Dur\u00e9e de lecture estim\u00e9e":"1 minute"},"schema":{"@context":"https:\/\/schema.org","@graph":[{"@type":"WebPage","@id":"https:\/\/www.missimmo.com\/fr\/a-propros\/st-barth\/","url":"https:\/\/www.missimmo.com\/fr\/a-propros\/st-barth\/","name":"L'\u00cele de Saint Barth\u00e9lemy - Agence Immobili\u00e8re - MISSiMMO St Barth","isPartOf":{"@id":"https:\/\/www.missimmo.com\/#website"},"primaryImageOfPage":{"@id":"https:\/\/www.missimmo.com\/fr\/a-propros\/st-barth\/#primaryimage"},"image":{"@id":"https:\/\/www.missimmo.com\/fr\/a-propros\/st-barth\/#primaryimage"},"thumbnailUrl":"https:\/\/www.missimmo.com\/wp-content\/uploads\/2018\/07\/Carte-de-li\u0302le.jpg","datePublished":"2018-06-28T18:54:14+00:00","dateModified":"2019-06-14T15:18:35+00:00","description":"Laissez-vous guider par votre concierge. L'Agence Immobili\u00e8re MISSiMMO St Barth vous fera d\u00e9couvrir tout les aspects de l'\u00eele de Saint Barth\u00e9lemy.","breadcrumb":{"@id":"https:\/\/www.missimmo.com\/fr\/a-propros\/st-barth\/#breadcrumb"},"inLanguage":"fr-FR","potentialAction":[{"@type":"ReadAction","target":["https:\/\/www.missimmo.com\/fr\/a-propros\/st-barth\/"]}]},{"@type":"ImageObject","inLanguage":"fr-FR","@id":"https:\/\/www.missimmo.com\/fr\/a-propros\/st-barth\/#primaryimage","url":"https:\/\/www.missimmo.com\/wp-content\/uploads\/2018\/07\/Carte-de-li\u0302le.jpg","contentUrl":"https:\/\/www.missimmo.com\/wp-content\/uploads\/2018\/07\/Carte-de-li\u0302le.jpg","width":1400,"height":933,"caption":"Carte de l'\u00eele"},{"@type":"BreadcrumbList","@id":"https:\/\/www.missimmo.com\/fr\/a-propros\/st-barth\/#breadcrumb","itemListElement":[{"@type":"ListItem","position":1,"name":"Home","item":"https:\/\/www.missimmo.com\/fr\/"},{"@type":"ListItem","position":2,"name":"A Propros","item":"https:\/\/www.missimmo.com\/fr\/a-propros\/"},{"@type":"ListItem","position":3,"name":"St Barth"}]},{"@type":"WebSite","@id":"https:\/\/www.missimmo.com\/#website","url":"https:\/\/www.missimmo.com\/","name":"Missimmo St Barth","description":"","potentialAction":[{"@type":"SearchAction","target":{"@type":"EntryPoint","urlTemplate":"https:\/\/www.missimmo.com\/?s={search_term_string}"},"query-input":{"@type":"PropertyValueSpecification","valueRequired":true,"valueName":"search_term_string"}}],"inLanguage":"fr-FR"}]}},"_links":{"self":[{"href":"https:\/\/www.missimmo.com\/fr\/wp-json\/wp\/v2\/pages\/4491"}],"collection":[{"href":"https:\/\/www.missimmo.com\/fr\/wp-json\/wp\/v2\/pages"}],"about":[{"href":"https:\/\/www.missimmo.com\/fr\/wp-json\/wp\/v2\/types\/page"}],"author":[{"embeddable":true,"href":"https:\/\/www.missimmo.com\/fr\/wp-json\/wp\/v2\/users\/1"}],"replies":[{"embeddable":true,"href":"https:\/\/www.missimmo.com\/fr\/wp-json\/wp\/v2\/comments?post=4491"}],"version-history":[{"count":4,"href":"https:\/\/www.missimmo.com\/fr\/wp-json\/wp\/v2\/pages\/4491\/revisions"}],"predecessor-version":[{"id":12149,"href":"https:\/\/www.missimmo.com\/fr\/wp-json\/wp\/v2\/pages\/4491\/revisions\/12149"}],"up":[{"embeddable":true,"href":"https:\/\/www.missimmo.com\/fr\/wp-json\/wp\/v2\/pages\/4485"}],"wp:featuredmedia":[{"embeddable":true,"href":"https:\/\/www.missimmo.com\/fr\/wp-json\/wp\/v2\/media\/4668"}],"wp:attachment":[{"href":"https:\/\/www.missimmo.com\/fr\/wp-json\/wp\/v2\/media?parent=4491"}],"curies":[{"name":"wp","href":"https:\/\/api.w.org\/{rel}","templated":true}]}}