{"id":4488,"date":"2018-06-27T23:43:54","date_gmt":"2018-06-27T21:43:54","guid":{"rendered":"https:\/\/www.missimmo.com\/?page_id=4488"},"modified":"2022-11-21T21:51:59","modified_gmt":"2022-11-21T20:51:59","slug":"lagence","status":"publish","type":"page","link":"https:\/\/www.missimmo.com\/fr\/a-propros\/lagence\/","title":{"rendered":"L&rsquo;agence"},"content":{"rendered":"<h2 style=\"text-align: center;\">Rencontrez notre \u00e9quipe !<\/h2>\n<p style=\"text-align: justify;\">MISSiMMO vous propose une \u00e9quipe de professionnels de l&rsquo;immobilier, attentifs \u00e0 vos besoins. Nos agents sont passionn\u00e9s par le d\u00e9sir de partager leur exp\u00e9rience de l&rsquo;\u00eele et de fournir \u00e0 chaque client, un service exemplaire.<\/p>\n<p style=\"text-align: justify;\">Il nous est primordial de vous aider \u00e0 tirer le meilleur parti de votre s\u00e9jour sur l&rsquo;\u00eele. Vous d\u00e9couvrirez ainsi le St Barth que nous aimons tant.<\/p>\n","protected":false},"excerpt":{"rendered":"<p>Rencontrez notre \u00e9quipe ! MISSiMMO vous propose une \u00e9quipe de professionnels de l&rsquo;immobilier, attentifs \u00e0 vos besoins. Nos agents sont passionn\u00e9s par le d\u00e9sir de partager leur exp\u00e9rience de l&rsquo;\u00eele et de fournir \u00e0 chaque client, un service exemplaire. Il nous est primordial de vous aider \u00e0 tirer le meilleur parti de votre s\u00e9jour sur [&hellip;]<\/p>\n","protected":false},"author":1,"featured_media":8595,"parent":4485,"menu_order":0,"comment_status":"closed","ping_status":"closed","template":"template-about-missimmo.php","meta":{"footnotes":""},"yoast_head":"<!-- This site is optimized with the Yoast SEO plugin v24.5 - https:\/\/yoast.com\/wordpress\/plugins\/seo\/ -->\n<title>MISSiMMO - Agence Immobili\u00e8re &amp; Location de Vacances \u00e0 St Barth<\/title>\n<meta name=\"description\" content=\"Rencontrez notre \u00e9quipe et laissez vous guider afin de profiter du meilleur de St Barth. Notre \u00e9quipe se tient \u00e0 votre disposition pour tout vos projets.\" \/>\n<meta name=\"robots\" content=\"index, follow, max-snippet:-1, max-image-preview:large, max-video-preview:-1\" \/>\n<link rel=\"canonical\" href=\"https:\/\/www.missimmo.com\/fr\/a-propros\/lagence\/\" \/>\n<meta property=\"og:locale\" content=\"fr_FR\" \/>\n<meta property=\"og:type\" content=\"article\" \/>\n<meta property=\"og:title\" content=\"MISSiMMO - Agence Immobili\u00e8re &amp; Location de Vacances \u00e0 St Barth\" \/>\n<meta property=\"og:description\" content=\"Rencontrez notre \u00e9quipe et laissez vous guider afin de profiter du meilleur de St Barth. Notre \u00e9quipe se tient \u00e0 votre disposition pour tout vos projets.\" \/>\n<meta property=\"og:url\" content=\"https:\/\/www.missimmo.com\/fr\/a-propros\/lagence\/\" \/>\n<meta property=\"og:site_name\" content=\"Missimmo St Barth\" \/>\n<meta property=\"article:modified_time\" content=\"2022-11-21T20:51:59+00:00\" \/>\n<meta property=\"og:image\" content=\"https:\/\/www.missimmo.com\/wp-content\/uploads\/2018\/01\/Rose-des-Vents-View-1.jpg\" \/>\n\t<meta property=\"og:image:width\" content=\"1400\" \/>\n\t<meta property=\"og:image:height\" content=\"935\" \/>\n\t<meta property=\"og:image:type\" content=\"image\/jpeg\" \/>\n<meta name=\"twitter:card\" content=\"summary_large_image\" \/>\n<meta name=\"twitter:label1\" content=\"Dur\u00e9e de lecture estim\u00e9e\" \/>\n\t<meta name=\"twitter:data1\" content=\"1 minute\" \/>\n<script type=\"application\/ld+json\" class=\"yoast-schema-graph\">{\"@context\":\"https:\/\/schema.org\",\"@graph\":[{\"@type\":\"WebPage\",\"@id\":\"https:\/\/www.missimmo.com\/fr\/a-propros\/lagence\/\",\"url\":\"https:\/\/www.missimmo.com\/fr\/a-propros\/lagence\/\",\"name\":\"MISSiMMO - Agence Immobili\u00e8re & Location de Vacances \u00e0 St Barth\",\"isPartOf\":{\"@id\":\"https:\/\/www.missimmo.com\/#website\"},\"primaryImageOfPage\":{\"@id\":\"https:\/\/www.missimmo.com\/fr\/a-propros\/lagence\/#primaryimage\"},\"image\":{\"@id\":\"https:\/\/www.missimmo.com\/fr\/a-propros\/lagence\/#primaryimage\"},\"thumbnailUrl\":\"https:\/\/www.missimmo.com\/wp-content\/uploads\/2018\/01\/Rose-des-Vents-View-1.jpg\",\"datePublished\":\"2018-06-27T21:43:54+00:00\",\"dateModified\":\"2022-11-21T20:51:59+00:00\",\"description\":\"Rencontrez notre \u00e9quipe et laissez vous guider afin de profiter du meilleur de St Barth. Notre \u00e9quipe se tient \u00e0 votre disposition pour tout vos projets.\",\"breadcrumb\":{\"@id\":\"https:\/\/www.missimmo.com\/fr\/a-propros\/lagence\/#breadcrumb\"},\"inLanguage\":\"fr-FR\",\"potentialAction\":[{\"@type\":\"ReadAction\",\"target\":[\"https:\/\/www.missimmo.com\/fr\/a-propros\/lagence\/\"]}]},{\"@type\":\"ImageObject\",\"inLanguage\":\"fr-FR\",\"@id\":\"https:\/\/www.missimmo.com\/fr\/a-propros\/lagence\/#primaryimage\",\"url\":\"https:\/\/www.missimmo.com\/wp-content\/uploads\/2018\/01\/Rose-des-Vents-View-1.jpg\",\"contentUrl\":\"https:\/\/www.missimmo.com\/wp-content\/uploads\/2018\/01\/Rose-des-Vents-View-1.jpg\",\"width\":1400,\"height\":935,\"caption\":\"Villa Rose des Vents view\"},{\"@type\":\"BreadcrumbList\",\"@id\":\"https:\/\/www.missimmo.com\/fr\/a-propros\/lagence\/#breadcrumb\",\"itemListElement\":[{\"@type\":\"ListItem\",\"position\":1,\"name\":\"Home\",\"item\":\"https:\/\/www.missimmo.com\/fr\/\"},{\"@type\":\"ListItem\",\"position\":2,\"name\":\"A Propros\",\"item\":\"https:\/\/www.missimmo.com\/fr\/a-propros\/\"},{\"@type\":\"ListItem\",\"position\":3,\"name\":\"L&rsquo;agence\"}]},{\"@type\":\"WebSite\",\"@id\":\"https:\/\/www.missimmo.com\/#website\",\"url\":\"https:\/\/www.missimmo.com\/\",\"name\":\"Missimmo St Barth\",\"description\":\"\",\"potentialAction\":[{\"@type\":\"SearchAction\",\"target\":{\"@type\":\"EntryPoint\",\"urlTemplate\":\"https:\/\/www.missimmo.com\/?s={search_term_string}\"},\"query-input\":{\"@type\":\"PropertyValueSpecification\",\"valueRequired\":true,\"valueName\":\"search_term_string\"}}],\"inLanguage\":\"fr-FR\"}]}<\/script>\n<!-- \/ Yoast SEO plugin. -->","yoast_head_json":{"title":"MISSiMMO - Agence Immobili\u00e8re & Location de Vacances \u00e0 St Barth","description":"Rencontrez notre \u00e9quipe et laissez vous guider afin de profiter du meilleur de St Barth. Notre \u00e9quipe se tient \u00e0 votre disposition pour tout vos projets.","robots":{"index":"index","follow":"follow","max-snippet":"max-snippet:-1","max-image-preview":"max-image-preview:large","max-video-preview":"max-video-preview:-1"},"canonical":"https:\/\/www.missimmo.com\/fr\/a-propros\/lagence\/","og_locale":"fr_FR","og_type":"article","og_title":"MISSiMMO - Agence Immobili\u00e8re & Location de Vacances \u00e0 St Barth","og_description":"Rencontrez notre \u00e9quipe et laissez vous guider afin de profiter du meilleur de St Barth. Notre \u00e9quipe se tient \u00e0 votre disposition pour tout vos projets.","og_url":"https:\/\/www.missimmo.com\/fr\/a-propros\/lagence\/","og_site_name":"Missimmo St Barth","article_modified_time":"2022-11-21T20:51:59+00:00","og_image":[{"width":1400,"height":935,"url":"https:\/\/www.missimmo.com\/wp-content\/uploads\/2018\/01\/Rose-des-Vents-View-1.jpg","type":"image\/jpeg"}],"twitter_card":"summary_large_image","twitter_misc":{"Dur\u00e9e de lecture estim\u00e9e":"1 minute"},"schema":{"@context":"https:\/\/schema.org","@graph":[{"@type":"WebPage","@id":"https:\/\/www.missimmo.com\/fr\/a-propros\/lagence\/","url":"https:\/\/www.missimmo.com\/fr\/a-propros\/lagence\/","name":"MISSiMMO - Agence Immobili\u00e8re & Location de Vacances \u00e0 St Barth","isPartOf":{"@id":"https:\/\/www.missimmo.com\/#website"},"primaryImageOfPage":{"@id":"https:\/\/www.missimmo.com\/fr\/a-propros\/lagence\/#primaryimage"},"image":{"@id":"https:\/\/www.missimmo.com\/fr\/a-propros\/lagence\/#primaryimage"},"thumbnailUrl":"https:\/\/www.missimmo.com\/wp-content\/uploads\/2018\/01\/Rose-des-Vents-View-1.jpg","datePublished":"2018-06-27T21:43:54+00:00","dateModified":"2022-11-21T20:51:59+00:00","description":"Rencontrez notre \u00e9quipe et laissez vous guider afin de profiter du meilleur de St Barth. Notre \u00e9quipe se tient \u00e0 votre disposition pour tout vos projets.","breadcrumb":{"@id":"https:\/\/www.missimmo.com\/fr\/a-propros\/lagence\/#breadcrumb"},"inLanguage":"fr-FR","potentialAction":[{"@type":"ReadAction","target":["https:\/\/www.missimmo.com\/fr\/a-propros\/lagence\/"]}]},{"@type":"ImageObject","inLanguage":"fr-FR","@id":"https:\/\/www.missimmo.com\/fr\/a-propros\/lagence\/#primaryimage","url":"https:\/\/www.missimmo.com\/wp-content\/uploads\/2018\/01\/Rose-des-Vents-View-1.jpg","contentUrl":"https:\/\/www.missimmo.com\/wp-content\/uploads\/2018\/01\/Rose-des-Vents-View-1.jpg","width":1400,"height":935,"caption":"Villa Rose des Vents view"},{"@type":"BreadcrumbList","@id":"https:\/\/www.missimmo.com\/fr\/a-propros\/lagence\/#breadcrumb","itemListElement":[{"@type":"ListItem","position":1,"name":"Home","item":"https:\/\/www.missimmo.com\/fr\/"},{"@type":"ListItem","position":2,"name":"A Propros","item":"https:\/\/www.missimmo.com\/fr\/a-propros\/"},{"@type":"ListItem","position":3,"name":"L&rsquo;agence"}]},{"@type":"WebSite","@id":"https:\/\/www.missimmo.com\/#website","url":"https:\/\/www.missimmo.com\/","name":"Missimmo St Barth","description":"","potentialAction":[{"@type":"SearchAction","target":{"@type":"EntryPoint","urlTemplate":"https:\/\/www.missimmo.com\/?s={search_term_string}"},"query-input":{"@type":"PropertyValueSpecification","valueRequired":true,"valueName":"search_term_string"}}],"inLanguage":"fr-FR"}]}},"_links":{"self":[{"href":"https:\/\/www.missimmo.com\/fr\/wp-json\/wp\/v2\/pages\/4488"}],"collection":[{"href":"https:\/\/www.missimmo.com\/fr\/wp-json\/wp\/v2\/pages"}],"about":[{"href":"https:\/\/www.missimmo.com\/fr\/wp-json\/wp\/v2\/types\/page"}],"author":[{"embeddable":true,"href":"https:\/\/www.missimmo.com\/fr\/wp-json\/wp\/v2\/users\/1"}],"replies":[{"embeddable":true,"href":"https:\/\/www.missimmo.com\/fr\/wp-json\/wp\/v2\/comments?post=4488"}],"version-history":[{"count":5,"href":"https:\/\/www.missimmo.com\/fr\/wp-json\/wp\/v2\/pages\/4488\/revisions"}],"predecessor-version":[{"id":17386,"href":"https:\/\/www.missimmo.com\/fr\/wp-json\/wp\/v2\/pages\/4488\/revisions\/17386"}],"up":[{"embeddable":true,"href":"https:\/\/www.missimmo.com\/fr\/wp-json\/wp\/v2\/pages\/4485"}],"wp:featuredmedia":[{"embeddable":true,"href":"https:\/\/www.missimmo.com\/fr\/wp-json\/wp\/v2\/media\/8595"}],"wp:attachment":[{"href":"https:\/\/www.missimmo.com\/fr\/wp-json\/wp\/v2\/media?parent=4488"}],"curies":[{"name":"wp","href":"https:\/\/api.w.org\/{rel}","templated":true}]}}