{"id":4485,"date":"2018-06-27T23:50:42","date_gmt":"2018-06-27T21:50:42","guid":{"rendered":"https:\/\/www.missimmo.com\/?page_id=4485"},"modified":"2019-06-07T20:54:14","modified_gmt":"2019-06-07T18:54:14","slug":"a-propros","status":"publish","type":"page","link":"https:\/\/www.missimmo.com\/fr\/a-propros\/","title":{"rendered":"A Propros"},"content":{"rendered":"<h2 style=\"text-align: justify;\">Informations sur l&rsquo;agence et sur l&rsquo;\u00eele.<\/h2>\n<p style=\"text-align: justify;\">\u00ab\u00a0St Barth\u00a0\u00bb pour les intimes, est situ\u00e9e Latitude 15 \u00b0 55 Nord et Longitude 62 \u00b0 50 Ouest. Juste au-dessus du tropique du Cancer dans l&rsquo;extr\u00eame Nord-Est de la mer des Cara\u00efbes. L&rsquo;\u00eele est \u00e0 environ 6 000 Km de Paris, 2 500 Km de New-York et \u00e0 180 Km de l&rsquo;\u00eele de Puerto Rico. Elle est situ\u00e9e entre les \u00eeles de Saint Martin et St Kitts &amp; Nevis par le Sud-Ouest. Et entre les \u00eeles d&rsquo;Antigua &amp; Barbuda par le Sud-Est, ainsi qu&rsquo;entre la mer des Cara\u00efbes et l&rsquo;Oc\u00e9an Atlantique. L&rsquo;\u00eele a conserv\u00e9 son charme d&rsquo;autrefois et son environnement intact.<\/p>\n<p style=\"text-align: justify;\">MISSiMMO vous propose une \u00e9quipe professionnelle et attentive \u00e0 vos besoins. Nos agents sont passionn\u00e9s par le d\u00e9sir de partager leur exp\u00e9rience de l&rsquo;\u00eele et de fournir \u00e0 chaque client, un service exemplaire.<\/p>\n<p style=\"text-align: justify;\">Il nous est primordial de vous aider \u00e0 tirer le meilleur parti de votre s\u00e9jour sur l&rsquo;\u00eele. Vous d\u00e9couvrirez ainsi le St Barth que nous aimons tant.<\/p>\n","protected":false},"excerpt":{"rendered":"<p>Informations sur l&rsquo;agence et sur l&rsquo;\u00eele. \u00ab\u00a0St Barth\u00a0\u00bb pour les intimes, est situ\u00e9e Latitude 15 \u00b0 55 Nord et Longitude 62 \u00b0 50 Ouest. Juste au-dessus du tropique du Cancer dans l&rsquo;extr\u00eame Nord-Est de la mer des Cara\u00efbes. L&rsquo;\u00eele est \u00e0 environ 6 000 Km de Paris, 2 500 Km de New-York et \u00e0 180 [&hellip;]<\/p>\n","protected":false},"author":1,"featured_media":0,"parent":0,"menu_order":5,"comment_status":"closed","ping_status":"closed","template":"template-about-stbarts.php","meta":{"footnotes":""},"yoast_head":"<!-- This site is optimized with the Yoast SEO plugin v24.5 - https:\/\/yoast.com\/wordpress\/plugins\/seo\/ -->\n<title>A Propos de Notre Agence Immobili\u00e8re MISSiMMO \u00e0 Saint Barth\u00e9lemy<\/title>\n<meta name=\"description\" content=\"Achetez, vendez, louez, et laissez votre propri\u00e9t\u00e9 \u00eatre g\u00e9r\u00e9e par MISSiMMO \u00e0 Saint Barth\u00e9lemy. Optimisez votre potentiel immobilier avec MISSiMMO.\" \/>\n<meta name=\"robots\" content=\"index, follow, max-snippet:-1, max-image-preview:large, max-video-preview:-1\" \/>\n<link rel=\"canonical\" href=\"https:\/\/www.missimmo.com\/fr\/a-propros\/\" \/>\n<meta property=\"og:locale\" content=\"fr_FR\" \/>\n<meta property=\"og:type\" content=\"article\" \/>\n<meta property=\"og:title\" content=\"A Propos de Notre Agence Immobili\u00e8re MISSiMMO \u00e0 Saint Barth\u00e9lemy\" \/>\n<meta property=\"og:description\" content=\"Achetez, vendez, louez, et laissez votre propri\u00e9t\u00e9 \u00eatre g\u00e9r\u00e9e par MISSiMMO \u00e0 Saint Barth\u00e9lemy. Optimisez votre potentiel immobilier avec MISSiMMO.\" \/>\n<meta property=\"og:url\" content=\"https:\/\/www.missimmo.com\/fr\/a-propros\/\" \/>\n<meta property=\"og:site_name\" content=\"Missimmo St Barth\" \/>\n<meta property=\"article:modified_time\" content=\"2019-06-07T18:54:14+00:00\" \/>\n<meta name=\"twitter:card\" content=\"summary_large_image\" \/>\n<meta name=\"twitter:label1\" content=\"Dur\u00e9e de lecture estim\u00e9e\" \/>\n\t<meta name=\"twitter:data1\" content=\"1 minute\" \/>\n<script type=\"application\/ld+json\" class=\"yoast-schema-graph\">{\"@context\":\"https:\/\/schema.org\",\"@graph\":[{\"@type\":\"WebPage\",\"@id\":\"https:\/\/www.missimmo.com\/fr\/a-propros\/\",\"url\":\"https:\/\/www.missimmo.com\/fr\/a-propros\/\",\"name\":\"A Propos de Notre Agence Immobili\u00e8re MISSiMMO \u00e0 Saint Barth\u00e9lemy\",\"isPartOf\":{\"@id\":\"https:\/\/www.missimmo.com\/#website\"},\"datePublished\":\"2018-06-27T21:50:42+00:00\",\"dateModified\":\"2019-06-07T18:54:14+00:00\",\"description\":\"Achetez, vendez, louez, et laissez votre propri\u00e9t\u00e9 \u00eatre g\u00e9r\u00e9e par MISSiMMO \u00e0 Saint Barth\u00e9lemy. Optimisez votre potentiel immobilier avec MISSiMMO.\",\"breadcrumb\":{\"@id\":\"https:\/\/www.missimmo.com\/fr\/a-propros\/#breadcrumb\"},\"inLanguage\":\"fr-FR\",\"potentialAction\":[{\"@type\":\"ReadAction\",\"target\":[\"https:\/\/www.missimmo.com\/fr\/a-propros\/\"]}]},{\"@type\":\"BreadcrumbList\",\"@id\":\"https:\/\/www.missimmo.com\/fr\/a-propros\/#breadcrumb\",\"itemListElement\":[{\"@type\":\"ListItem\",\"position\":1,\"name\":\"Home\",\"item\":\"https:\/\/www.missimmo.com\/fr\/\"},{\"@type\":\"ListItem\",\"position\":2,\"name\":\"A Propros\"}]},{\"@type\":\"WebSite\",\"@id\":\"https:\/\/www.missimmo.com\/#website\",\"url\":\"https:\/\/www.missimmo.com\/\",\"name\":\"Missimmo St Barth\",\"description\":\"\",\"potentialAction\":[{\"@type\":\"SearchAction\",\"target\":{\"@type\":\"EntryPoint\",\"urlTemplate\":\"https:\/\/www.missimmo.com\/?s={search_term_string}\"},\"query-input\":{\"@type\":\"PropertyValueSpecification\",\"valueRequired\":true,\"valueName\":\"search_term_string\"}}],\"inLanguage\":\"fr-FR\"}]}<\/script>\n<!-- \/ Yoast SEO plugin. -->","yoast_head_json":{"title":"A Propos de Notre Agence Immobili\u00e8re MISSiMMO \u00e0 Saint Barth\u00e9lemy","description":"Achetez, vendez, louez, et laissez votre propri\u00e9t\u00e9 \u00eatre g\u00e9r\u00e9e par MISSiMMO \u00e0 Saint Barth\u00e9lemy. Optimisez votre potentiel immobilier avec MISSiMMO.","robots":{"index":"index","follow":"follow","max-snippet":"max-snippet:-1","max-image-preview":"max-image-preview:large","max-video-preview":"max-video-preview:-1"},"canonical":"https:\/\/www.missimmo.com\/fr\/a-propros\/","og_locale":"fr_FR","og_type":"article","og_title":"A Propos de Notre Agence Immobili\u00e8re MISSiMMO \u00e0 Saint Barth\u00e9lemy","og_description":"Achetez, vendez, louez, et laissez votre propri\u00e9t\u00e9 \u00eatre g\u00e9r\u00e9e par MISSiMMO \u00e0 Saint Barth\u00e9lemy. Optimisez votre potentiel immobilier avec MISSiMMO.","og_url":"https:\/\/www.missimmo.com\/fr\/a-propros\/","og_site_name":"Missimmo St Barth","article_modified_time":"2019-06-07T18:54:14+00:00","twitter_card":"summary_large_image","twitter_misc":{"Dur\u00e9e de lecture estim\u00e9e":"1 minute"},"schema":{"@context":"https:\/\/schema.org","@graph":[{"@type":"WebPage","@id":"https:\/\/www.missimmo.com\/fr\/a-propros\/","url":"https:\/\/www.missimmo.com\/fr\/a-propros\/","name":"A Propos de Notre Agence Immobili\u00e8re MISSiMMO \u00e0 Saint Barth\u00e9lemy","isPartOf":{"@id":"https:\/\/www.missimmo.com\/#website"},"datePublished":"2018-06-27T21:50:42+00:00","dateModified":"2019-06-07T18:54:14+00:00","description":"Achetez, vendez, louez, et laissez votre propri\u00e9t\u00e9 \u00eatre g\u00e9r\u00e9e par MISSiMMO \u00e0 Saint Barth\u00e9lemy. Optimisez votre potentiel immobilier avec MISSiMMO.","breadcrumb":{"@id":"https:\/\/www.missimmo.com\/fr\/a-propros\/#breadcrumb"},"inLanguage":"fr-FR","potentialAction":[{"@type":"ReadAction","target":["https:\/\/www.missimmo.com\/fr\/a-propros\/"]}]},{"@type":"BreadcrumbList","@id":"https:\/\/www.missimmo.com\/fr\/a-propros\/#breadcrumb","itemListElement":[{"@type":"ListItem","position":1,"name":"Home","item":"https:\/\/www.missimmo.com\/fr\/"},{"@type":"ListItem","position":2,"name":"A Propros"}]},{"@type":"WebSite","@id":"https:\/\/www.missimmo.com\/#website","url":"https:\/\/www.missimmo.com\/","name":"Missimmo St Barth","description":"","potentialAction":[{"@type":"SearchAction","target":{"@type":"EntryPoint","urlTemplate":"https:\/\/www.missimmo.com\/?s={search_term_string}"},"query-input":{"@type":"PropertyValueSpecification","valueRequired":true,"valueName":"search_term_string"}}],"inLanguage":"fr-FR"}]}},"_links":{"self":[{"href":"https:\/\/www.missimmo.com\/fr\/wp-json\/wp\/v2\/pages\/4485"}],"collection":[{"href":"https:\/\/www.missimmo.com\/fr\/wp-json\/wp\/v2\/pages"}],"about":[{"href":"https:\/\/www.missimmo.com\/fr\/wp-json\/wp\/v2\/types\/page"}],"author":[{"embeddable":true,"href":"https:\/\/www.missimmo.com\/fr\/wp-json\/wp\/v2\/users\/1"}],"replies":[{"embeddable":true,"href":"https:\/\/www.missimmo.com\/fr\/wp-json\/wp\/v2\/comments?post=4485"}],"version-history":[{"count":3,"href":"https:\/\/www.missimmo.com\/fr\/wp-json\/wp\/v2\/pages\/4485\/revisions"}],"predecessor-version":[{"id":12117,"href":"https:\/\/www.missimmo.com\/fr\/wp-json\/wp\/v2\/pages\/4485\/revisions\/12117"}],"wp:attachment":[{"href":"https:\/\/www.missimmo.com\/fr\/wp-json\/wp\/v2\/media?parent=4485"}],"curies":[{"name":"wp","href":"https:\/\/api.w.org\/{rel}","templated":true}]}}