{"id":4480,"date":"2018-06-27T23:13:08","date_gmt":"2018-06-27T21:13:08","guid":{"rendered":"https:\/\/www.missimmo.com\/?page_id=4480"},"modified":"2022-10-26T14:54:29","modified_gmt":"2022-10-26T12:54:29","slug":"management-de-propriete","status":"publish","type":"page","link":"https:\/\/www.missimmo.com\/fr\/management-de-propriete\/","title":{"rendered":"Management de Propri\u00e9t\u00e9"},"content":{"rendered":"<h3 style=\"text-align: justify;\">Pourquoi choisir notre agence ?<\/h3>\n<p style=\"text-align: justify;\">Confiez votre propri\u00e9t\u00e9 \u00e0 notre \u00e9quipe.<\/p>\n<p style=\"text-align: justify;\">Notre agence vous aide dans toutes les d\u00e9marches n\u00e9cessaires. Nous vous proposons des services adapt\u00e9s \u00e0 vos besoins en s\u00e9lectionnant les meilleurs partenaires \u00e0 des tarifs \u00e9tudi\u00e9s.<\/p>\n","protected":false},"excerpt":{"rendered":"<p>Accordez-vous le luxe de ne pas avoir \u00e0 g\u00e9rer votre propri\u00e9t\u00e9, mais seulement d&rsquo;en profiter.<\/p>\n","protected":false},"author":1,"featured_media":2306,"parent":0,"menu_order":4,"comment_status":"closed","ping_status":"closed","template":"template-about-stbarts.php","meta":{"footnotes":""},"yoast_head":"<!-- This site is optimized with the Yoast SEO plugin v24.5 - https:\/\/yoast.com\/wordpress\/plugins\/seo\/ -->\n<title>Management de Propri\u00e9t\u00e9 \u00e0 Saint Barth\u00e9lemy - MISSiMMO<\/title>\n<meta name=\"description\" content=\"Confiez vos biens immobiliers \u00e0 MISSiMMO pour une bonne gestion et optimisation de son potentiel. Notre agence sait s&#039;entourer des meilleurs partenaires.\" \/>\n<meta name=\"robots\" content=\"index, follow, max-snippet:-1, max-image-preview:large, max-video-preview:-1\" \/>\n<link rel=\"canonical\" href=\"https:\/\/www.missimmo.com\/fr\/management-de-propriete\/\" \/>\n<meta property=\"og:locale\" content=\"fr_FR\" \/>\n<meta property=\"og:type\" content=\"article\" \/>\n<meta property=\"og:title\" content=\"Management de Propri\u00e9t\u00e9 \u00e0 Saint Barth\u00e9lemy - MISSiMMO\" \/>\n<meta property=\"og:description\" content=\"Confiez vos biens immobiliers \u00e0 MISSiMMO pour une bonne gestion et optimisation de son potentiel. Notre agence sait s&#039;entourer des meilleurs partenaires.\" \/>\n<meta property=\"og:url\" content=\"https:\/\/www.missimmo.com\/fr\/management-de-propriete\/\" \/>\n<meta property=\"og:site_name\" content=\"Missimmo St Barth\" \/>\n<meta property=\"article:modified_time\" content=\"2022-10-26T12:54:29+00:00\" \/>\n<meta property=\"og:image\" content=\"https:\/\/www.missimmo.com\/wp-content\/uploads\/2018\/01\/Rive-Gauche-View-1.jpg\" \/>\n\t<meta property=\"og:image:width\" content=\"1348\" \/>\n\t<meta property=\"og:image:height\" content=\"899\" \/>\n\t<meta property=\"og:image:type\" content=\"image\/jpeg\" \/>\n<meta name=\"twitter:card\" content=\"summary_large_image\" \/>\n<script type=\"application\/ld+json\" class=\"yoast-schema-graph\">{\"@context\":\"https:\/\/schema.org\",\"@graph\":[{\"@type\":\"WebPage\",\"@id\":\"https:\/\/www.missimmo.com\/fr\/management-de-propriete\/\",\"url\":\"https:\/\/www.missimmo.com\/fr\/management-de-propriete\/\",\"name\":\"Management de Propri\u00e9t\u00e9 \u00e0 Saint Barth\u00e9lemy - MISSiMMO\",\"isPartOf\":{\"@id\":\"https:\/\/www.missimmo.com\/#website\"},\"primaryImageOfPage\":{\"@id\":\"https:\/\/www.missimmo.com\/fr\/management-de-propriete\/#primaryimage\"},\"image\":{\"@id\":\"https:\/\/www.missimmo.com\/fr\/management-de-propriete\/#primaryimage\"},\"thumbnailUrl\":\"https:\/\/www.missimmo.com\/wp-content\/uploads\/2018\/01\/Rive-Gauche-View-1.jpg\",\"datePublished\":\"2018-06-27T21:13:08+00:00\",\"dateModified\":\"2022-10-26T12:54:29+00:00\",\"description\":\"Confiez vos biens immobiliers \u00e0 MISSiMMO pour une bonne gestion et optimisation de son potentiel. Notre agence sait s'entourer des meilleurs partenaires.\",\"breadcrumb\":{\"@id\":\"https:\/\/www.missimmo.com\/fr\/management-de-propriete\/#breadcrumb\"},\"inLanguage\":\"fr-FR\",\"potentialAction\":[{\"@type\":\"ReadAction\",\"target\":[\"https:\/\/www.missimmo.com\/fr\/management-de-propriete\/\"]}]},{\"@type\":\"ImageObject\",\"inLanguage\":\"fr-FR\",\"@id\":\"https:\/\/www.missimmo.com\/fr\/management-de-propriete\/#primaryimage\",\"url\":\"https:\/\/www.missimmo.com\/wp-content\/uploads\/2018\/01\/Rive-Gauche-View-1.jpg\",\"contentUrl\":\"https:\/\/www.missimmo.com\/wp-content\/uploads\/2018\/01\/Rive-Gauche-View-1.jpg\",\"width\":1348,\"height\":899,\"caption\":\"Apartment Rive Gauche jacuzzi\"},{\"@type\":\"BreadcrumbList\",\"@id\":\"https:\/\/www.missimmo.com\/fr\/management-de-propriete\/#breadcrumb\",\"itemListElement\":[{\"@type\":\"ListItem\",\"position\":1,\"name\":\"Home\",\"item\":\"https:\/\/www.missimmo.com\/fr\/\"},{\"@type\":\"ListItem\",\"position\":2,\"name\":\"Management de Propri\u00e9t\u00e9\"}]},{\"@type\":\"WebSite\",\"@id\":\"https:\/\/www.missimmo.com\/#website\",\"url\":\"https:\/\/www.missimmo.com\/\",\"name\":\"Missimmo St Barth\",\"description\":\"\",\"potentialAction\":[{\"@type\":\"SearchAction\",\"target\":{\"@type\":\"EntryPoint\",\"urlTemplate\":\"https:\/\/www.missimmo.com\/?s={search_term_string}\"},\"query-input\":{\"@type\":\"PropertyValueSpecification\",\"valueRequired\":true,\"valueName\":\"search_term_string\"}}],\"inLanguage\":\"fr-FR\"}]}<\/script>\n<!-- \/ Yoast SEO plugin. -->","yoast_head_json":{"title":"Management de Propri\u00e9t\u00e9 \u00e0 Saint Barth\u00e9lemy - MISSiMMO","description":"Confiez vos biens immobiliers \u00e0 MISSiMMO pour une bonne gestion et optimisation de son potentiel. Notre agence sait s'entourer des meilleurs partenaires.","robots":{"index":"index","follow":"follow","max-snippet":"max-snippet:-1","max-image-preview":"max-image-preview:large","max-video-preview":"max-video-preview:-1"},"canonical":"https:\/\/www.missimmo.com\/fr\/management-de-propriete\/","og_locale":"fr_FR","og_type":"article","og_title":"Management de Propri\u00e9t\u00e9 \u00e0 Saint Barth\u00e9lemy - MISSiMMO","og_description":"Confiez vos biens immobiliers \u00e0 MISSiMMO pour une bonne gestion et optimisation de son potentiel. Notre agence sait s'entourer des meilleurs partenaires.","og_url":"https:\/\/www.missimmo.com\/fr\/management-de-propriete\/","og_site_name":"Missimmo St Barth","article_modified_time":"2022-10-26T12:54:29+00:00","og_image":[{"width":1348,"height":899,"url":"https:\/\/www.missimmo.com\/wp-content\/uploads\/2018\/01\/Rive-Gauche-View-1.jpg","type":"image\/jpeg"}],"twitter_card":"summary_large_image","schema":{"@context":"https:\/\/schema.org","@graph":[{"@type":"WebPage","@id":"https:\/\/www.missimmo.com\/fr\/management-de-propriete\/","url":"https:\/\/www.missimmo.com\/fr\/management-de-propriete\/","name":"Management de Propri\u00e9t\u00e9 \u00e0 Saint Barth\u00e9lemy - MISSiMMO","isPartOf":{"@id":"https:\/\/www.missimmo.com\/#website"},"primaryImageOfPage":{"@id":"https:\/\/www.missimmo.com\/fr\/management-de-propriete\/#primaryimage"},"image":{"@id":"https:\/\/www.missimmo.com\/fr\/management-de-propriete\/#primaryimage"},"thumbnailUrl":"https:\/\/www.missimmo.com\/wp-content\/uploads\/2018\/01\/Rive-Gauche-View-1.jpg","datePublished":"2018-06-27T21:13:08+00:00","dateModified":"2022-10-26T12:54:29+00:00","description":"Confiez vos biens immobiliers \u00e0 MISSiMMO pour une bonne gestion et optimisation de son potentiel. Notre agence sait s'entourer des meilleurs partenaires.","breadcrumb":{"@id":"https:\/\/www.missimmo.com\/fr\/management-de-propriete\/#breadcrumb"},"inLanguage":"fr-FR","potentialAction":[{"@type":"ReadAction","target":["https:\/\/www.missimmo.com\/fr\/management-de-propriete\/"]}]},{"@type":"ImageObject","inLanguage":"fr-FR","@id":"https:\/\/www.missimmo.com\/fr\/management-de-propriete\/#primaryimage","url":"https:\/\/www.missimmo.com\/wp-content\/uploads\/2018\/01\/Rive-Gauche-View-1.jpg","contentUrl":"https:\/\/www.missimmo.com\/wp-content\/uploads\/2018\/01\/Rive-Gauche-View-1.jpg","width":1348,"height":899,"caption":"Apartment Rive Gauche jacuzzi"},{"@type":"BreadcrumbList","@id":"https:\/\/www.missimmo.com\/fr\/management-de-propriete\/#breadcrumb","itemListElement":[{"@type":"ListItem","position":1,"name":"Home","item":"https:\/\/www.missimmo.com\/fr\/"},{"@type":"ListItem","position":2,"name":"Management de Propri\u00e9t\u00e9"}]},{"@type":"WebSite","@id":"https:\/\/www.missimmo.com\/#website","url":"https:\/\/www.missimmo.com\/","name":"Missimmo St Barth","description":"","potentialAction":[{"@type":"SearchAction","target":{"@type":"EntryPoint","urlTemplate":"https:\/\/www.missimmo.com\/?s={search_term_string}"},"query-input":{"@type":"PropertyValueSpecification","valueRequired":true,"valueName":"search_term_string"}}],"inLanguage":"fr-FR"}]}},"_links":{"self":[{"href":"https:\/\/www.missimmo.com\/fr\/wp-json\/wp\/v2\/pages\/4480"}],"collection":[{"href":"https:\/\/www.missimmo.com\/fr\/wp-json\/wp\/v2\/pages"}],"about":[{"href":"https:\/\/www.missimmo.com\/fr\/wp-json\/wp\/v2\/types\/page"}],"author":[{"embeddable":true,"href":"https:\/\/www.missimmo.com\/fr\/wp-json\/wp\/v2\/users\/1"}],"replies":[{"embeddable":true,"href":"https:\/\/www.missimmo.com\/fr\/wp-json\/wp\/v2\/comments?post=4480"}],"version-history":[{"count":4,"href":"https:\/\/www.missimmo.com\/fr\/wp-json\/wp\/v2\/pages\/4480\/revisions"}],"predecessor-version":[{"id":16365,"href":"https:\/\/www.missimmo.com\/fr\/wp-json\/wp\/v2\/pages\/4480\/revisions\/16365"}],"wp:featuredmedia":[{"embeddable":true,"href":"https:\/\/www.missimmo.com\/fr\/wp-json\/wp\/v2\/media\/2306"}],"wp:attachment":[{"href":"https:\/\/www.missimmo.com\/fr\/wp-json\/wp\/v2\/media?parent=4480"}],"curies":[{"name":"wp","href":"https:\/\/api.w.org\/{rel}","templated":true}]}}