{"id":4477,"date":"2018-06-27T23:22:44","date_gmt":"2018-06-27T21:22:44","guid":{"rendered":"https:\/\/www.missimmo.com\/?page_id=4477"},"modified":"2019-06-07T18:24:43","modified_gmt":"2019-06-07T16:24:43","slug":"locations-longue-duree","status":"publish","type":"page","link":"https:\/\/www.missimmo.com\/fr\/locations-longue-duree\/","title":{"rendered":"Locations Longue Dur\u00e9e"},"content":{"rendered":"<h3>Nous sommes plus qu&rsquo;heureux de vous aider \u00e0 vous installer dans notre petit paradis.<\/h3>\n<p>Leader sur le march\u00e9 de la location \u00e0 long terme, notre agence dispose de nombreuses propri\u00e9t\u00e9s \u00e0 louer. Nous proposons toujours des locataires responsables \u00e0 nos propri\u00e9taires. Les logements sont d\u00e9livr\u00e9s apr\u00e8s une \u00e9tude s\u00e9rieuse des dossiers des candidats.<\/p>\n<p>En plus d&rsquo;un contrat bien \u00e9crit, vous aurez un inventaire m\u00e9ticuleux fourni avec des photographies. Notre \u00e9quipe est \u00e0 votre disposition pour \u00e9tablir le lien entre le propri\u00e9taire et le locataire.<\/p>\n<p>Pour quelques mois, quelques ann\u00e9es ou pour toute une vie&#8230; Vous avez toutes les raisons de vouloir vous installer \u00e0 Saint Barth!<\/p>\n","protected":false},"excerpt":{"rendered":"<p>We will do our best to find accommodation that meets your needs and expectations.<\/p>\n","protected":false},"author":1,"featured_media":2327,"parent":0,"menu_order":3,"comment_status":"closed","ping_status":"closed","template":"template-listing-long-term-rental.php","meta":{"footnotes":""},"yoast_head":"<!-- This site is optimized with the Yoast SEO plugin v24.5 - https:\/\/yoast.com\/wordpress\/plugins\/seo\/ -->\n<title>Votre Location Longue Dur\u00e9e \u00e0 Saint Barth\u00e9lemy - MISSiMMO St Barth<\/title>\n<meta name=\"description\" content=\"Louer une de nos propri\u00e9t\u00e9s destin\u00e9es \u00e0 la location longue dur\u00e9e \u00e0 Saint Barth\u00e9lemy, pour quelques mois, quelques ann\u00e9es ou toute une vie...\" \/>\n<meta name=\"robots\" content=\"index, follow, max-snippet:-1, max-image-preview:large, max-video-preview:-1\" \/>\n<link rel=\"canonical\" href=\"https:\/\/www.missimmo.com\/fr\/locations-longue-duree\/\" \/>\n<meta property=\"og:locale\" content=\"fr_FR\" \/>\n<meta property=\"og:type\" content=\"article\" \/>\n<meta property=\"og:title\" content=\"Votre Location Longue Dur\u00e9e \u00e0 Saint Barth\u00e9lemy - MISSiMMO St Barth\" \/>\n<meta property=\"og:description\" content=\"Louer une de nos propri\u00e9t\u00e9s destin\u00e9es \u00e0 la location longue dur\u00e9e \u00e0 Saint Barth\u00e9lemy, pour quelques mois, quelques ann\u00e9es ou toute une vie...\" \/>\n<meta property=\"og:url\" content=\"https:\/\/www.missimmo.com\/fr\/locations-longue-duree\/\" \/>\n<meta property=\"og:site_name\" content=\"Missimmo St Barth\" \/>\n<meta property=\"article:modified_time\" content=\"2019-06-07T16:24:43+00:00\" \/>\n<meta property=\"og:image\" content=\"https:\/\/www.missimmo.com\/wp-content\/uploads\/2018\/01\/Reef-Point-View-2.jpg\" \/>\n\t<meta property=\"og:image:width\" content=\"1400\" \/>\n\t<meta property=\"og:image:height\" content=\"1000\" \/>\n\t<meta property=\"og:image:type\" content=\"image\/jpeg\" \/>\n<meta name=\"twitter:card\" content=\"summary_large_image\" \/>\n<meta name=\"twitter:label1\" content=\"Dur\u00e9e de lecture estim\u00e9e\" \/>\n\t<meta name=\"twitter:data1\" content=\"1 minute\" \/>\n<script type=\"application\/ld+json\" class=\"yoast-schema-graph\">{\"@context\":\"https:\/\/schema.org\",\"@graph\":[{\"@type\":\"WebPage\",\"@id\":\"https:\/\/www.missimmo.com\/fr\/locations-longue-duree\/\",\"url\":\"https:\/\/www.missimmo.com\/fr\/locations-longue-duree\/\",\"name\":\"Votre Location Longue Dur\u00e9e \u00e0 Saint Barth\u00e9lemy - MISSiMMO St Barth\",\"isPartOf\":{\"@id\":\"https:\/\/www.missimmo.com\/#website\"},\"primaryImageOfPage\":{\"@id\":\"https:\/\/www.missimmo.com\/fr\/locations-longue-duree\/#primaryimage\"},\"image\":{\"@id\":\"https:\/\/www.missimmo.com\/fr\/locations-longue-duree\/#primaryimage\"},\"thumbnailUrl\":\"https:\/\/www.missimmo.com\/wp-content\/uploads\/2018\/01\/Reef-Point-View-2.jpg\",\"datePublished\":\"2018-06-27T21:22:44+00:00\",\"dateModified\":\"2019-06-07T16:24:43+00:00\",\"description\":\"Louer une de nos propri\u00e9t\u00e9s destin\u00e9es \u00e0 la location longue dur\u00e9e \u00e0 Saint Barth\u00e9lemy, pour quelques mois, quelques ann\u00e9es ou toute une vie...\",\"breadcrumb\":{\"@id\":\"https:\/\/www.missimmo.com\/fr\/locations-longue-duree\/#breadcrumb\"},\"inLanguage\":\"fr-FR\",\"potentialAction\":[{\"@type\":\"ReadAction\",\"target\":[\"https:\/\/www.missimmo.com\/fr\/locations-longue-duree\/\"]}]},{\"@type\":\"ImageObject\",\"inLanguage\":\"fr-FR\",\"@id\":\"https:\/\/www.missimmo.com\/fr\/locations-longue-duree\/#primaryimage\",\"url\":\"https:\/\/www.missimmo.com\/wp-content\/uploads\/2018\/01\/Reef-Point-View-2.jpg\",\"contentUrl\":\"https:\/\/www.missimmo.com\/wp-content\/uploads\/2018\/01\/Reef-Point-View-2.jpg\",\"width\":1400,\"height\":1000,\"caption\":\"Villa Reef Point ocean view from the pool\"},{\"@type\":\"BreadcrumbList\",\"@id\":\"https:\/\/www.missimmo.com\/fr\/locations-longue-duree\/#breadcrumb\",\"itemListElement\":[{\"@type\":\"ListItem\",\"position\":1,\"name\":\"Home\",\"item\":\"https:\/\/www.missimmo.com\/fr\/\"},{\"@type\":\"ListItem\",\"position\":2,\"name\":\"Locations Longue Dur\u00e9e\"}]},{\"@type\":\"WebSite\",\"@id\":\"https:\/\/www.missimmo.com\/#website\",\"url\":\"https:\/\/www.missimmo.com\/\",\"name\":\"Missimmo St Barth\",\"description\":\"\",\"potentialAction\":[{\"@type\":\"SearchAction\",\"target\":{\"@type\":\"EntryPoint\",\"urlTemplate\":\"https:\/\/www.missimmo.com\/?s={search_term_string}\"},\"query-input\":{\"@type\":\"PropertyValueSpecification\",\"valueRequired\":true,\"valueName\":\"search_term_string\"}}],\"inLanguage\":\"fr-FR\"}]}<\/script>\n<!-- \/ Yoast SEO plugin. -->","yoast_head_json":{"title":"Votre Location Longue Dur\u00e9e \u00e0 Saint Barth\u00e9lemy - MISSiMMO St Barth","description":"Louer une de nos propri\u00e9t\u00e9s destin\u00e9es \u00e0 la location longue dur\u00e9e \u00e0 Saint Barth\u00e9lemy, pour quelques mois, quelques ann\u00e9es ou toute une vie...","robots":{"index":"index","follow":"follow","max-snippet":"max-snippet:-1","max-image-preview":"max-image-preview:large","max-video-preview":"max-video-preview:-1"},"canonical":"https:\/\/www.missimmo.com\/fr\/locations-longue-duree\/","og_locale":"fr_FR","og_type":"article","og_title":"Votre Location Longue Dur\u00e9e \u00e0 Saint Barth\u00e9lemy - MISSiMMO St Barth","og_description":"Louer une de nos propri\u00e9t\u00e9s destin\u00e9es \u00e0 la location longue dur\u00e9e \u00e0 Saint Barth\u00e9lemy, pour quelques mois, quelques ann\u00e9es ou toute une vie...","og_url":"https:\/\/www.missimmo.com\/fr\/locations-longue-duree\/","og_site_name":"Missimmo St Barth","article_modified_time":"2019-06-07T16:24:43+00:00","og_image":[{"width":1400,"height":1000,"url":"https:\/\/www.missimmo.com\/wp-content\/uploads\/2018\/01\/Reef-Point-View-2.jpg","type":"image\/jpeg"}],"twitter_card":"summary_large_image","twitter_misc":{"Dur\u00e9e de lecture estim\u00e9e":"1 minute"},"schema":{"@context":"https:\/\/schema.org","@graph":[{"@type":"WebPage","@id":"https:\/\/www.missimmo.com\/fr\/locations-longue-duree\/","url":"https:\/\/www.missimmo.com\/fr\/locations-longue-duree\/","name":"Votre Location Longue Dur\u00e9e \u00e0 Saint Barth\u00e9lemy - MISSiMMO St Barth","isPartOf":{"@id":"https:\/\/www.missimmo.com\/#website"},"primaryImageOfPage":{"@id":"https:\/\/www.missimmo.com\/fr\/locations-longue-duree\/#primaryimage"},"image":{"@id":"https:\/\/www.missimmo.com\/fr\/locations-longue-duree\/#primaryimage"},"thumbnailUrl":"https:\/\/www.missimmo.com\/wp-content\/uploads\/2018\/01\/Reef-Point-View-2.jpg","datePublished":"2018-06-27T21:22:44+00:00","dateModified":"2019-06-07T16:24:43+00:00","description":"Louer une de nos propri\u00e9t\u00e9s destin\u00e9es \u00e0 la location longue dur\u00e9e \u00e0 Saint Barth\u00e9lemy, pour quelques mois, quelques ann\u00e9es ou toute une vie...","breadcrumb":{"@id":"https:\/\/www.missimmo.com\/fr\/locations-longue-duree\/#breadcrumb"},"inLanguage":"fr-FR","potentialAction":[{"@type":"ReadAction","target":["https:\/\/www.missimmo.com\/fr\/locations-longue-duree\/"]}]},{"@type":"ImageObject","inLanguage":"fr-FR","@id":"https:\/\/www.missimmo.com\/fr\/locations-longue-duree\/#primaryimage","url":"https:\/\/www.missimmo.com\/wp-content\/uploads\/2018\/01\/Reef-Point-View-2.jpg","contentUrl":"https:\/\/www.missimmo.com\/wp-content\/uploads\/2018\/01\/Reef-Point-View-2.jpg","width":1400,"height":1000,"caption":"Villa Reef Point ocean view from the pool"},{"@type":"BreadcrumbList","@id":"https:\/\/www.missimmo.com\/fr\/locations-longue-duree\/#breadcrumb","itemListElement":[{"@type":"ListItem","position":1,"name":"Home","item":"https:\/\/www.missimmo.com\/fr\/"},{"@type":"ListItem","position":2,"name":"Locations Longue Dur\u00e9e"}]},{"@type":"WebSite","@id":"https:\/\/www.missimmo.com\/#website","url":"https:\/\/www.missimmo.com\/","name":"Missimmo St Barth","description":"","potentialAction":[{"@type":"SearchAction","target":{"@type":"EntryPoint","urlTemplate":"https:\/\/www.missimmo.com\/?s={search_term_string}"},"query-input":{"@type":"PropertyValueSpecification","valueRequired":true,"valueName":"search_term_string"}}],"inLanguage":"fr-FR"}]}},"_links":{"self":[{"href":"https:\/\/www.missimmo.com\/fr\/wp-json\/wp\/v2\/pages\/4477"}],"collection":[{"href":"https:\/\/www.missimmo.com\/fr\/wp-json\/wp\/v2\/pages"}],"about":[{"href":"https:\/\/www.missimmo.com\/fr\/wp-json\/wp\/v2\/types\/page"}],"author":[{"embeddable":true,"href":"https:\/\/www.missimmo.com\/fr\/wp-json\/wp\/v2\/users\/1"}],"replies":[{"embeddable":true,"href":"https:\/\/www.missimmo.com\/fr\/wp-json\/wp\/v2\/comments?post=4477"}],"version-history":[{"count":3,"href":"https:\/\/www.missimmo.com\/fr\/wp-json\/wp\/v2\/pages\/4477\/revisions"}],"predecessor-version":[{"id":12106,"href":"https:\/\/www.missimmo.com\/fr\/wp-json\/wp\/v2\/pages\/4477\/revisions\/12106"}],"wp:featuredmedia":[{"embeddable":true,"href":"https:\/\/www.missimmo.com\/fr\/wp-json\/wp\/v2\/media\/2327"}],"wp:attachment":[{"href":"https:\/\/www.missimmo.com\/fr\/wp-json\/wp\/v2\/media?parent=4477"}],"curies":[{"name":"wp","href":"https:\/\/api.w.org\/{rel}","templated":true}]}}