{"id":4474,"date":"2018-06-25T22:57:21","date_gmt":"2018-06-25T20:57:21","guid":{"rendered":"https:\/\/www.missimmo.com\/?page_id=4474"},"modified":"2025-01-08T17:10:16","modified_gmt":"2025-01-08T16:10:16","slug":"locations-de-vacances","status":"publish","type":"page","link":"https:\/\/www.missimmo.com\/fr\/locations-de-vacances\/","title":{"rendered":"Locations de Vacances"},"content":{"rendered":"<h3 style=\"text-align: center;\">Vous n&rsquo;\u00eates qu&rsquo;\u00e0 un clic de somptueuses vacances \u00e0 St Barth!<\/h3>\n<p style=\"text-align: center;\">Nos villas offrent une large gamme de propri\u00e9t\u00e9s selon vos souhaits. D&rsquo;une chambre romantique sur la plage, \u00e0 une villa 6 chambres situ\u00e9e au sommet d&rsquo;une colline avec piscine \u00e0 d\u00e9bordement. Ou vous cherchez une maison de famille ou une immense villa de r\u00e9ception pour accueillir votre mariage ou une r\u00e9ception de qualit\u00e9. Nous vous offrirons le meilleur. Les locations sur St Barth peuvent r\u00e9pondre \u00e0 toutes vos attentes. Les familles, les jeunes mari\u00e9s, les c\u00e9l\u00e9brit\u00e9s, et les amis peuvent se livrer au luxe et \u00e0 la d\u00e9tente.<\/p>\n<p style=\"text-align: center;\">MISSiMMO \u00e9tend ses comp\u00e9tences au-del\u00e0 de l&rsquo;\u00eele de St Barthelemy : Notre \u00e9quipe vous propose des locations en France ainsi qu&rsquo;\u00e0 l&rsquo;\u00e9tranger. Nous savons nous entourer des meilleurs professionnels pour vous satisfaire au mieux.<\/p>\n","protected":false},"excerpt":{"rendered":"<p>Choisissez parmi notre s\u00e9lection pour une exp\u00e9rience authentique \u00e0 Saint Barth\u00e9lemy.<\/p>\n","protected":false},"author":1,"featured_media":8044,"parent":0,"menu_order":2,"comment_status":"closed","ping_status":"closed","template":"template-listing-rental.php","meta":{"footnotes":""},"yoast_head":"<!-- This site is optimized with the Yoast SEO plugin v24.5 - https:\/\/yoast.com\/wordpress\/plugins\/seo\/ -->\n<title>Locations de Villas et appartements avec MISSiMMO St Barth<\/title>\n<meta name=\"description\" content=\"Large choix de villas et appartements : pr\u00e9parez vos vacances avec votre concierge personnel. Contactez MISSiMMO !!\" \/>\n<meta name=\"robots\" content=\"index, follow, max-snippet:-1, max-image-preview:large, max-video-preview:-1\" \/>\n<link rel=\"canonical\" href=\"https:\/\/www.missimmo.com\/fr\/locations-de-vacances\/\" \/>\n<meta property=\"og:locale\" content=\"fr_FR\" \/>\n<meta property=\"og:type\" content=\"article\" \/>\n<meta property=\"og:title\" content=\"Locations de Villas et appartements avec MISSiMMO St Barth\" \/>\n<meta property=\"og:description\" content=\"Large choix de villas et appartements : pr\u00e9parez vos vacances avec votre concierge personnel. Contactez MISSiMMO !!\" \/>\n<meta property=\"og:url\" content=\"https:\/\/www.missimmo.com\/fr\/locations-de-vacances\/\" \/>\n<meta property=\"og:site_name\" content=\"Missimmo St Barth\" \/>\n<meta property=\"article:modified_time\" content=\"2025-01-08T16:10:16+00:00\" \/>\n<meta property=\"og:image\" content=\"https:\/\/www.missimmo.com\/wp-content\/uploads\/2018\/01\/Wings-View-2.jpg\" \/>\n\t<meta property=\"og:image:width\" content=\"1400\" \/>\n\t<meta property=\"og:image:height\" content=\"933\" \/>\n\t<meta property=\"og:image:type\" content=\"image\/jpeg\" \/>\n<meta name=\"twitter:card\" content=\"summary_large_image\" \/>\n<meta name=\"twitter:label1\" content=\"Dur\u00e9e de lecture estim\u00e9e\" \/>\n\t<meta name=\"twitter:data1\" content=\"1 minute\" \/>\n<script type=\"application\/ld+json\" class=\"yoast-schema-graph\">{\"@context\":\"https:\/\/schema.org\",\"@graph\":[{\"@type\":\"WebPage\",\"@id\":\"https:\/\/www.missimmo.com\/fr\/locations-de-vacances\/\",\"url\":\"https:\/\/www.missimmo.com\/fr\/locations-de-vacances\/\",\"name\":\"Locations de Villas et appartements avec MISSiMMO St Barth\",\"isPartOf\":{\"@id\":\"https:\/\/www.missimmo.com\/#website\"},\"primaryImageOfPage\":{\"@id\":\"https:\/\/www.missimmo.com\/fr\/locations-de-vacances\/#primaryimage\"},\"image\":{\"@id\":\"https:\/\/www.missimmo.com\/fr\/locations-de-vacances\/#primaryimage\"},\"thumbnailUrl\":\"https:\/\/www.missimmo.com\/wp-content\/uploads\/2018\/01\/Wings-View-2.jpg\",\"datePublished\":\"2018-06-25T20:57:21+00:00\",\"dateModified\":\"2025-01-08T16:10:16+00:00\",\"description\":\"Large choix de villas et appartements : pr\u00e9parez vos vacances avec votre concierge personnel. Contactez MISSiMMO !!\",\"breadcrumb\":{\"@id\":\"https:\/\/www.missimmo.com\/fr\/locations-de-vacances\/#breadcrumb\"},\"inLanguage\":\"fr-FR\",\"potentialAction\":[{\"@type\":\"ReadAction\",\"target\":[\"https:\/\/www.missimmo.com\/fr\/locations-de-vacances\/\"]}]},{\"@type\":\"ImageObject\",\"inLanguage\":\"fr-FR\",\"@id\":\"https:\/\/www.missimmo.com\/fr\/locations-de-vacances\/#primaryimage\",\"url\":\"https:\/\/www.missimmo.com\/wp-content\/uploads\/2018\/01\/Wings-View-2.jpg\",\"contentUrl\":\"https:\/\/www.missimmo.com\/wp-content\/uploads\/2018\/01\/Wings-View-2.jpg\",\"width\":1400,\"height\":933,\"caption\":\"Villa Wings pool\"},{\"@type\":\"BreadcrumbList\",\"@id\":\"https:\/\/www.missimmo.com\/fr\/locations-de-vacances\/#breadcrumb\",\"itemListElement\":[{\"@type\":\"ListItem\",\"position\":1,\"name\":\"Home\",\"item\":\"https:\/\/www.missimmo.com\/fr\/\"},{\"@type\":\"ListItem\",\"position\":2,\"name\":\"Locations de Vacances\"}]},{\"@type\":\"WebSite\",\"@id\":\"https:\/\/www.missimmo.com\/#website\",\"url\":\"https:\/\/www.missimmo.com\/\",\"name\":\"Missimmo St Barth\",\"description\":\"\",\"potentialAction\":[{\"@type\":\"SearchAction\",\"target\":{\"@type\":\"EntryPoint\",\"urlTemplate\":\"https:\/\/www.missimmo.com\/?s={search_term_string}\"},\"query-input\":{\"@type\":\"PropertyValueSpecification\",\"valueRequired\":true,\"valueName\":\"search_term_string\"}}],\"inLanguage\":\"fr-FR\"}]}<\/script>\n<!-- \/ Yoast SEO plugin. -->","yoast_head_json":{"title":"Locations de Villas et appartements avec MISSiMMO St Barth","description":"Large choix de villas et appartements : pr\u00e9parez vos vacances avec votre concierge personnel. Contactez MISSiMMO !!","robots":{"index":"index","follow":"follow","max-snippet":"max-snippet:-1","max-image-preview":"max-image-preview:large","max-video-preview":"max-video-preview:-1"},"canonical":"https:\/\/www.missimmo.com\/fr\/locations-de-vacances\/","og_locale":"fr_FR","og_type":"article","og_title":"Locations de Villas et appartements avec MISSiMMO St Barth","og_description":"Large choix de villas et appartements : pr\u00e9parez vos vacances avec votre concierge personnel. Contactez MISSiMMO !!","og_url":"https:\/\/www.missimmo.com\/fr\/locations-de-vacances\/","og_site_name":"Missimmo St Barth","article_modified_time":"2025-01-08T16:10:16+00:00","og_image":[{"width":1400,"height":933,"url":"https:\/\/www.missimmo.com\/wp-content\/uploads\/2018\/01\/Wings-View-2.jpg","type":"image\/jpeg"}],"twitter_card":"summary_large_image","twitter_misc":{"Dur\u00e9e de lecture estim\u00e9e":"1 minute"},"schema":{"@context":"https:\/\/schema.org","@graph":[{"@type":"WebPage","@id":"https:\/\/www.missimmo.com\/fr\/locations-de-vacances\/","url":"https:\/\/www.missimmo.com\/fr\/locations-de-vacances\/","name":"Locations de Villas et appartements avec MISSiMMO St Barth","isPartOf":{"@id":"https:\/\/www.missimmo.com\/#website"},"primaryImageOfPage":{"@id":"https:\/\/www.missimmo.com\/fr\/locations-de-vacances\/#primaryimage"},"image":{"@id":"https:\/\/www.missimmo.com\/fr\/locations-de-vacances\/#primaryimage"},"thumbnailUrl":"https:\/\/www.missimmo.com\/wp-content\/uploads\/2018\/01\/Wings-View-2.jpg","datePublished":"2018-06-25T20:57:21+00:00","dateModified":"2025-01-08T16:10:16+00:00","description":"Large choix de villas et appartements : pr\u00e9parez vos vacances avec votre concierge personnel. Contactez MISSiMMO !!","breadcrumb":{"@id":"https:\/\/www.missimmo.com\/fr\/locations-de-vacances\/#breadcrumb"},"inLanguage":"fr-FR","potentialAction":[{"@type":"ReadAction","target":["https:\/\/www.missimmo.com\/fr\/locations-de-vacances\/"]}]},{"@type":"ImageObject","inLanguage":"fr-FR","@id":"https:\/\/www.missimmo.com\/fr\/locations-de-vacances\/#primaryimage","url":"https:\/\/www.missimmo.com\/wp-content\/uploads\/2018\/01\/Wings-View-2.jpg","contentUrl":"https:\/\/www.missimmo.com\/wp-content\/uploads\/2018\/01\/Wings-View-2.jpg","width":1400,"height":933,"caption":"Villa Wings pool"},{"@type":"BreadcrumbList","@id":"https:\/\/www.missimmo.com\/fr\/locations-de-vacances\/#breadcrumb","itemListElement":[{"@type":"ListItem","position":1,"name":"Home","item":"https:\/\/www.missimmo.com\/fr\/"},{"@type":"ListItem","position":2,"name":"Locations de Vacances"}]},{"@type":"WebSite","@id":"https:\/\/www.missimmo.com\/#website","url":"https:\/\/www.missimmo.com\/","name":"Missimmo St Barth","description":"","potentialAction":[{"@type":"SearchAction","target":{"@type":"EntryPoint","urlTemplate":"https:\/\/www.missimmo.com\/?s={search_term_string}"},"query-input":{"@type":"PropertyValueSpecification","valueRequired":true,"valueName":"search_term_string"}}],"inLanguage":"fr-FR"}]}},"_links":{"self":[{"href":"https:\/\/www.missimmo.com\/fr\/wp-json\/wp\/v2\/pages\/4474"}],"collection":[{"href":"https:\/\/www.missimmo.com\/fr\/wp-json\/wp\/v2\/pages"}],"about":[{"href":"https:\/\/www.missimmo.com\/fr\/wp-json\/wp\/v2\/types\/page"}],"author":[{"embeddable":true,"href":"https:\/\/www.missimmo.com\/fr\/wp-json\/wp\/v2\/users\/1"}],"replies":[{"embeddable":true,"href":"https:\/\/www.missimmo.com\/fr\/wp-json\/wp\/v2\/comments?post=4474"}],"version-history":[{"count":3,"href":"https:\/\/www.missimmo.com\/fr\/wp-json\/wp\/v2\/pages\/4474\/revisions"}],"predecessor-version":[{"id":17392,"href":"https:\/\/www.missimmo.com\/fr\/wp-json\/wp\/v2\/pages\/4474\/revisions\/17392"}],"wp:featuredmedia":[{"embeddable":true,"href":"https:\/\/www.missimmo.com\/fr\/wp-json\/wp\/v2\/media\/8044"}],"wp:attachment":[{"href":"https:\/\/www.missimmo.com\/fr\/wp-json\/wp\/v2\/media?parent=4474"}],"curies":[{"name":"wp","href":"https:\/\/api.w.org\/{rel}","templated":true}]}}