{"id":4467,"date":"2018-06-27T22:20:23","date_gmt":"2018-06-27T20:20:23","guid":{"rendered":"https:\/\/www.missimmo.com\/?page_id=4467"},"modified":"2023-02-02T21:52:24","modified_gmt":"2023-02-02T20:52:24","slug":"transactions-immobilieres","status":"publish","type":"page","link":"https:\/\/www.missimmo.com\/fr\/transactions-immobilieres\/","title":{"rendered":"Transactions Immobili\u00e8res"},"content":{"rendered":"<h3 style=\"text-align: center;\">Cr\u00e9ez votre patrimoine immobilier !<\/h3>\n<p>Acheter ou vendre une propri\u00e9t\u00e9 \u00e0 Saint Barth\u00e9lemy est sujet \u00e0 plusieurs proc\u00e9dures. Pour simplifier vos transactions, nous vous accompagnons \u00e0 toutes les \u00e9tapes de vos projets. Tous types de propri\u00e9t\u00e9s peuvent vous \u00eatre propos\u00e9s. N&rsquo;h\u00e9sitez pas \u00e0 nous contacter. Nous sommes \u00e0 votre disposition pour la r\u00e9alisation de tous vos projets.<\/p>\n","protected":false},"excerpt":{"rendered":"<p>Contactez-nous pour tous vos projets, nous trouverons votre parfait investissement.<\/p>\n","protected":false},"author":1,"featured_media":8123,"parent":0,"menu_order":1,"comment_status":"closed","ping_status":"closed","template":"template-listing-real-estate.php","meta":{"footnotes":""},"yoast_head":"<!-- This site is optimized with the Yoast SEO plugin v24.5 - https:\/\/yoast.com\/wordpress\/plugins\/seo\/ -->\n<title>Achat \/ Vente propri\u00e9t\u00e9s et appartements \u00e0 St Barth<\/title>\n<meta name=\"description\" content=\"Cr\u00e9ez votre patrimoine immobilier avec notre agence MISSiMMO \u00e0 St Barth. Trouvez l&#039;investissement qui vous correspond !\" \/>\n<meta name=\"robots\" content=\"index, follow, max-snippet:-1, max-image-preview:large, max-video-preview:-1\" \/>\n<link rel=\"canonical\" href=\"https:\/\/www.missimmo.com\/fr\/transactions-immobilieres\/\" \/>\n<meta property=\"og:locale\" content=\"fr_FR\" \/>\n<meta property=\"og:type\" content=\"article\" \/>\n<meta property=\"og:title\" content=\"Achat \/ Vente propri\u00e9t\u00e9s et appartements \u00e0 St Barth\" \/>\n<meta property=\"og:description\" content=\"Cr\u00e9ez votre patrimoine immobilier avec notre agence MISSiMMO \u00e0 St Barth. Trouvez l&#039;investissement qui vous correspond !\" \/>\n<meta property=\"og:url\" content=\"https:\/\/www.missimmo.com\/fr\/transactions-immobilieres\/\" \/>\n<meta property=\"og:site_name\" content=\"Missimmo St Barth\" \/>\n<meta property=\"article:modified_time\" content=\"2023-02-02T20:52:24+00:00\" \/>\n<meta property=\"og:image\" content=\"https:\/\/www.missimmo.com\/wp-content\/uploads\/2018\/01\/Lagon-vert-Pool-2.jpg\" \/>\n\t<meta property=\"og:image:width\" content=\"1400\" \/>\n\t<meta property=\"og:image:height\" content=\"900\" \/>\n\t<meta property=\"og:image:type\" content=\"image\/jpeg\" \/>\n<meta name=\"twitter:card\" content=\"summary_large_image\" \/>\n<meta name=\"twitter:label1\" content=\"Dur\u00e9e de lecture estim\u00e9e\" \/>\n\t<meta name=\"twitter:data1\" content=\"1 minute\" \/>\n<script type=\"application\/ld+json\" class=\"yoast-schema-graph\">{\"@context\":\"https:\/\/schema.org\",\"@graph\":[{\"@type\":\"WebPage\",\"@id\":\"https:\/\/www.missimmo.com\/fr\/transactions-immobilieres\/\",\"url\":\"https:\/\/www.missimmo.com\/fr\/transactions-immobilieres\/\",\"name\":\"Achat \/ Vente propri\u00e9t\u00e9s et appartements \u00e0 St Barth\",\"isPartOf\":{\"@id\":\"https:\/\/www.missimmo.com\/#website\"},\"primaryImageOfPage\":{\"@id\":\"https:\/\/www.missimmo.com\/fr\/transactions-immobilieres\/#primaryimage\"},\"image\":{\"@id\":\"https:\/\/www.missimmo.com\/fr\/transactions-immobilieres\/#primaryimage\"},\"thumbnailUrl\":\"https:\/\/www.missimmo.com\/wp-content\/uploads\/2018\/01\/Lagon-vert-Pool-2.jpg\",\"datePublished\":\"2018-06-27T20:20:23+00:00\",\"dateModified\":\"2023-02-02T20:52:24+00:00\",\"description\":\"Cr\u00e9ez votre patrimoine immobilier avec notre agence MISSiMMO \u00e0 St Barth. Trouvez l'investissement qui vous correspond !\",\"breadcrumb\":{\"@id\":\"https:\/\/www.missimmo.com\/fr\/transactions-immobilieres\/#breadcrumb\"},\"inLanguage\":\"fr-FR\",\"potentialAction\":[{\"@type\":\"ReadAction\",\"target\":[\"https:\/\/www.missimmo.com\/fr\/transactions-immobilieres\/\"]}]},{\"@type\":\"ImageObject\",\"inLanguage\":\"fr-FR\",\"@id\":\"https:\/\/www.missimmo.com\/fr\/transactions-immobilieres\/#primaryimage\",\"url\":\"https:\/\/www.missimmo.com\/wp-content\/uploads\/2018\/01\/Lagon-vert-Pool-2.jpg\",\"contentUrl\":\"https:\/\/www.missimmo.com\/wp-content\/uploads\/2018\/01\/Lagon-vert-Pool-2.jpg\",\"width\":1400,\"height\":900,\"caption\":\"Villa Lagon Vert pool\"},{\"@type\":\"BreadcrumbList\",\"@id\":\"https:\/\/www.missimmo.com\/fr\/transactions-immobilieres\/#breadcrumb\",\"itemListElement\":[{\"@type\":\"ListItem\",\"position\":1,\"name\":\"Home\",\"item\":\"https:\/\/www.missimmo.com\/fr\/\"},{\"@type\":\"ListItem\",\"position\":2,\"name\":\"Transactions Immobili\u00e8res\"}]},{\"@type\":\"WebSite\",\"@id\":\"https:\/\/www.missimmo.com\/#website\",\"url\":\"https:\/\/www.missimmo.com\/\",\"name\":\"Missimmo St Barth\",\"description\":\"\",\"potentialAction\":[{\"@type\":\"SearchAction\",\"target\":{\"@type\":\"EntryPoint\",\"urlTemplate\":\"https:\/\/www.missimmo.com\/?s={search_term_string}\"},\"query-input\":{\"@type\":\"PropertyValueSpecification\",\"valueRequired\":true,\"valueName\":\"search_term_string\"}}],\"inLanguage\":\"fr-FR\"}]}<\/script>\n<!-- \/ Yoast SEO plugin. -->","yoast_head_json":{"title":"Achat \/ Vente propri\u00e9t\u00e9s et appartements \u00e0 St Barth","description":"Cr\u00e9ez votre patrimoine immobilier avec notre agence MISSiMMO \u00e0 St Barth. Trouvez l'investissement qui vous correspond !","robots":{"index":"index","follow":"follow","max-snippet":"max-snippet:-1","max-image-preview":"max-image-preview:large","max-video-preview":"max-video-preview:-1"},"canonical":"https:\/\/www.missimmo.com\/fr\/transactions-immobilieres\/","og_locale":"fr_FR","og_type":"article","og_title":"Achat \/ Vente propri\u00e9t\u00e9s et appartements \u00e0 St Barth","og_description":"Cr\u00e9ez votre patrimoine immobilier avec notre agence MISSiMMO \u00e0 St Barth. Trouvez l'investissement qui vous correspond !","og_url":"https:\/\/www.missimmo.com\/fr\/transactions-immobilieres\/","og_site_name":"Missimmo St Barth","article_modified_time":"2023-02-02T20:52:24+00:00","og_image":[{"width":1400,"height":900,"url":"https:\/\/www.missimmo.com\/wp-content\/uploads\/2018\/01\/Lagon-vert-Pool-2.jpg","type":"image\/jpeg"}],"twitter_card":"summary_large_image","twitter_misc":{"Dur\u00e9e de lecture estim\u00e9e":"1 minute"},"schema":{"@context":"https:\/\/schema.org","@graph":[{"@type":"WebPage","@id":"https:\/\/www.missimmo.com\/fr\/transactions-immobilieres\/","url":"https:\/\/www.missimmo.com\/fr\/transactions-immobilieres\/","name":"Achat \/ Vente propri\u00e9t\u00e9s et appartements \u00e0 St Barth","isPartOf":{"@id":"https:\/\/www.missimmo.com\/#website"},"primaryImageOfPage":{"@id":"https:\/\/www.missimmo.com\/fr\/transactions-immobilieres\/#primaryimage"},"image":{"@id":"https:\/\/www.missimmo.com\/fr\/transactions-immobilieres\/#primaryimage"},"thumbnailUrl":"https:\/\/www.missimmo.com\/wp-content\/uploads\/2018\/01\/Lagon-vert-Pool-2.jpg","datePublished":"2018-06-27T20:20:23+00:00","dateModified":"2023-02-02T20:52:24+00:00","description":"Cr\u00e9ez votre patrimoine immobilier avec notre agence MISSiMMO \u00e0 St Barth. Trouvez l'investissement qui vous correspond !","breadcrumb":{"@id":"https:\/\/www.missimmo.com\/fr\/transactions-immobilieres\/#breadcrumb"},"inLanguage":"fr-FR","potentialAction":[{"@type":"ReadAction","target":["https:\/\/www.missimmo.com\/fr\/transactions-immobilieres\/"]}]},{"@type":"ImageObject","inLanguage":"fr-FR","@id":"https:\/\/www.missimmo.com\/fr\/transactions-immobilieres\/#primaryimage","url":"https:\/\/www.missimmo.com\/wp-content\/uploads\/2018\/01\/Lagon-vert-Pool-2.jpg","contentUrl":"https:\/\/www.missimmo.com\/wp-content\/uploads\/2018\/01\/Lagon-vert-Pool-2.jpg","width":1400,"height":900,"caption":"Villa Lagon Vert pool"},{"@type":"BreadcrumbList","@id":"https:\/\/www.missimmo.com\/fr\/transactions-immobilieres\/#breadcrumb","itemListElement":[{"@type":"ListItem","position":1,"name":"Home","item":"https:\/\/www.missimmo.com\/fr\/"},{"@type":"ListItem","position":2,"name":"Transactions Immobili\u00e8res"}]},{"@type":"WebSite","@id":"https:\/\/www.missimmo.com\/#website","url":"https:\/\/www.missimmo.com\/","name":"Missimmo St Barth","description":"","potentialAction":[{"@type":"SearchAction","target":{"@type":"EntryPoint","urlTemplate":"https:\/\/www.missimmo.com\/?s={search_term_string}"},"query-input":{"@type":"PropertyValueSpecification","valueRequired":true,"valueName":"search_term_string"}}],"inLanguage":"fr-FR"}]}},"_links":{"self":[{"href":"https:\/\/www.missimmo.com\/fr\/wp-json\/wp\/v2\/pages\/4467"}],"collection":[{"href":"https:\/\/www.missimmo.com\/fr\/wp-json\/wp\/v2\/pages"}],"about":[{"href":"https:\/\/www.missimmo.com\/fr\/wp-json\/wp\/v2\/types\/page"}],"author":[{"embeddable":true,"href":"https:\/\/www.missimmo.com\/fr\/wp-json\/wp\/v2\/users\/1"}],"replies":[{"embeddable":true,"href":"https:\/\/www.missimmo.com\/fr\/wp-json\/wp\/v2\/comments?post=4467"}],"version-history":[{"count":4,"href":"https:\/\/www.missimmo.com\/fr\/wp-json\/wp\/v2\/pages\/4467\/revisions"}],"predecessor-version":[{"id":16776,"href":"https:\/\/www.missimmo.com\/fr\/wp-json\/wp\/v2\/pages\/4467\/revisions\/16776"}],"wp:featuredmedia":[{"embeddable":true,"href":"https:\/\/www.missimmo.com\/fr\/wp-json\/wp\/v2\/media\/8123"}],"wp:attachment":[{"href":"https:\/\/www.missimmo.com\/fr\/wp-json\/wp\/v2\/media?parent=4467"}],"curies":[{"name":"wp","href":"https:\/\/api.w.org\/{rel}","templated":true}]}}