{"id":10469,"date":"2019-03-22T15:56:16","date_gmt":"2019-03-22T14:56:16","guid":{"rendered":"https:\/\/www.missimmo.com\/history-of-st-barth\/"},"modified":"2019-03-28T14:57:02","modified_gmt":"2019-03-28T13:57:02","slug":"history-of-st-barth","status":"publish","type":"page","link":"https:\/\/www.missimmo.com\/fr\/history-of-st-barth\/","title":{"rendered":"L&rsquo;histoire de St Barth"},"content":{"rendered":"<h4>L&rsquo;\u00eele<\/h4>\n<p>&nbsp;<\/p>\n<p style=\"text-align: justify;\">Saint Barth\u00e9lemy est officiellement la collectivit\u00e9 territoriale de Saint Barth\u00e9lemy. L&rsquo;\u00eele a \u00e9t\u00e9 appel\u00e9e Ouanalao par les peuples indig\u00e8nes de l&rsquo;\u00e9poque, les Arawaks. C&rsquo;est une collectivit\u00e9 d&rsquo;Outremer de la France, situ\u00e9e dans les Indes Fran\u00e7aises Occidentales.<\/p>\n<p>Souvent abr\u00e9g\u00e9e \u00ab\u00a0St Barth\u00a0\u00bb, l&rsquo;\u00eele se trouve \u00e0 environ 35 km au sud-est de St Martin, et au nord de St Kitts. Puerto Rico est \u00e0 240 km \u00e0 l&rsquo;ouest dans les Grandes Antilles. L&rsquo;\u00eele \u00e0 longtemps \u00e9t\u00e9 une commune fran\u00e7aise faisant partie de la Guadeloupe, r\u00e9gion d&rsquo;Outremer et d\u00e9partement de la France. En 2003, l&rsquo;\u00eele a vot\u00e9 en faveur de la s\u00e9cession de la Guadeloupe afin de constituer une collectivit\u00e9 s\u00e9par\u00e9e de la France \u00e0 l&rsquo;\u00e9tranger.<\/p>\n","protected":false},"excerpt":{"rendered":"<p>L&rsquo;\u00eele &nbsp; Saint Barth\u00e9lemy est officiellement la collectivit\u00e9 territoriale de Saint Barth\u00e9lemy. L&rsquo;\u00eele a \u00e9t\u00e9 appel\u00e9e Ouanalao par les peuples indig\u00e8nes de l&rsquo;\u00e9poque, les Arawaks. C&rsquo;est une collectivit\u00e9 d&rsquo;Outremer de la France, situ\u00e9e dans les Indes Fran\u00e7aises Occidentales. Souvent abr\u00e9g\u00e9e \u00ab\u00a0St Barth\u00a0\u00bb, l&rsquo;\u00eele se trouve \u00e0 environ 35 km au sud-est de St Martin, et [&hellip;]<\/p>\n","protected":false},"author":6,"featured_media":0,"parent":0,"menu_order":0,"comment_status":"closed","ping_status":"closed","template":"template-about-stbarts.php","meta":{"footnotes":""},"yoast_head":"<!-- This site is optimized with the Yoast SEO plugin v24.5 - https:\/\/yoast.com\/wordpress\/plugins\/seo\/ -->\n<title>L&#039;histoire de St Barth - L&#039;art d&#039;\u00eatre une \u00eele - Missimmo St Barth<\/title>\n<meta name=\"description\" content=\"Apprennez l&#039;histoire de l&#039;\u00eele de St Barth avec votre agence immobili\u00e8re Missimmo St Barth. St Barth ou L&#039;art d&#039;\u00eatre une \u00eele.\" \/>\n<meta name=\"robots\" content=\"index, follow, max-snippet:-1, max-image-preview:large, max-video-preview:-1\" \/>\n<link rel=\"canonical\" href=\"https:\/\/www.missimmo.com\/fr\/history-of-st-barth\/\" \/>\n<meta property=\"og:locale\" content=\"fr_FR\" \/>\n<meta property=\"og:type\" content=\"article\" \/>\n<meta property=\"og:title\" content=\"L&#039;histoire de St Barth - L&#039;art d&#039;\u00eatre une \u00eele - Missimmo St Barth\" \/>\n<meta property=\"og:description\" content=\"Apprennez l&#039;histoire de l&#039;\u00eele de St Barth avec votre agence immobili\u00e8re Missimmo St Barth. St Barth ou L&#039;art d&#039;\u00eatre une \u00eele.\" \/>\n<meta property=\"og:url\" content=\"https:\/\/www.missimmo.com\/fr\/history-of-st-barth\/\" \/>\n<meta property=\"og:site_name\" content=\"Missimmo St Barth\" \/>\n<meta property=\"article:modified_time\" content=\"2019-03-28T13:57:02+00:00\" \/>\n<meta name=\"twitter:card\" content=\"summary_large_image\" \/>\n<meta name=\"twitter:label1\" content=\"Dur\u00e9e de lecture estim\u00e9e\" \/>\n\t<meta name=\"twitter:data1\" content=\"1 minute\" \/>\n<script type=\"application\/ld+json\" class=\"yoast-schema-graph\">{\"@context\":\"https:\/\/schema.org\",\"@graph\":[{\"@type\":\"WebPage\",\"@id\":\"https:\/\/www.missimmo.com\/fr\/history-of-st-barth\/\",\"url\":\"https:\/\/www.missimmo.com\/fr\/history-of-st-barth\/\",\"name\":\"L'histoire de St Barth - L'art d'\u00eatre une \u00eele - Missimmo St Barth\",\"isPartOf\":{\"@id\":\"https:\/\/www.missimmo.com\/#website\"},\"datePublished\":\"2019-03-22T14:56:16+00:00\",\"dateModified\":\"2019-03-28T13:57:02+00:00\",\"description\":\"Apprennez l'histoire de l'\u00eele de St Barth avec votre agence immobili\u00e8re Missimmo St Barth. St Barth ou L'art d'\u00eatre une \u00eele.\",\"breadcrumb\":{\"@id\":\"https:\/\/www.missimmo.com\/fr\/history-of-st-barth\/#breadcrumb\"},\"inLanguage\":\"fr-FR\",\"potentialAction\":[{\"@type\":\"ReadAction\",\"target\":[\"https:\/\/www.missimmo.com\/fr\/history-of-st-barth\/\"]}]},{\"@type\":\"BreadcrumbList\",\"@id\":\"https:\/\/www.missimmo.com\/fr\/history-of-st-barth\/#breadcrumb\",\"itemListElement\":[{\"@type\":\"ListItem\",\"position\":1,\"name\":\"Home\",\"item\":\"https:\/\/www.missimmo.com\/fr\/\"},{\"@type\":\"ListItem\",\"position\":2,\"name\":\"L&rsquo;histoire de St Barth\"}]},{\"@type\":\"WebSite\",\"@id\":\"https:\/\/www.missimmo.com\/#website\",\"url\":\"https:\/\/www.missimmo.com\/\",\"name\":\"Missimmo St Barth\",\"description\":\"\",\"potentialAction\":[{\"@type\":\"SearchAction\",\"target\":{\"@type\":\"EntryPoint\",\"urlTemplate\":\"https:\/\/www.missimmo.com\/?s={search_term_string}\"},\"query-input\":{\"@type\":\"PropertyValueSpecification\",\"valueRequired\":true,\"valueName\":\"search_term_string\"}}],\"inLanguage\":\"fr-FR\"}]}<\/script>\n<!-- \/ Yoast SEO plugin. -->","yoast_head_json":{"title":"L'histoire de St Barth - L'art d'\u00eatre une \u00eele - Missimmo St Barth","description":"Apprennez l'histoire de l'\u00eele de St Barth avec votre agence immobili\u00e8re Missimmo St Barth. St Barth ou L'art d'\u00eatre une \u00eele.","robots":{"index":"index","follow":"follow","max-snippet":"max-snippet:-1","max-image-preview":"max-image-preview:large","max-video-preview":"max-video-preview:-1"},"canonical":"https:\/\/www.missimmo.com\/fr\/history-of-st-barth\/","og_locale":"fr_FR","og_type":"article","og_title":"L'histoire de St Barth - L'art d'\u00eatre une \u00eele - Missimmo St Barth","og_description":"Apprennez l'histoire de l'\u00eele de St Barth avec votre agence immobili\u00e8re Missimmo St Barth. St Barth ou L'art d'\u00eatre une \u00eele.","og_url":"https:\/\/www.missimmo.com\/fr\/history-of-st-barth\/","og_site_name":"Missimmo St Barth","article_modified_time":"2019-03-28T13:57:02+00:00","twitter_card":"summary_large_image","twitter_misc":{"Dur\u00e9e de lecture estim\u00e9e":"1 minute"},"schema":{"@context":"https:\/\/schema.org","@graph":[{"@type":"WebPage","@id":"https:\/\/www.missimmo.com\/fr\/history-of-st-barth\/","url":"https:\/\/www.missimmo.com\/fr\/history-of-st-barth\/","name":"L'histoire de St Barth - L'art d'\u00eatre une \u00eele - Missimmo St Barth","isPartOf":{"@id":"https:\/\/www.missimmo.com\/#website"},"datePublished":"2019-03-22T14:56:16+00:00","dateModified":"2019-03-28T13:57:02+00:00","description":"Apprennez l'histoire de l'\u00eele de St Barth avec votre agence immobili\u00e8re Missimmo St Barth. St Barth ou L'art d'\u00eatre une \u00eele.","breadcrumb":{"@id":"https:\/\/www.missimmo.com\/fr\/history-of-st-barth\/#breadcrumb"},"inLanguage":"fr-FR","potentialAction":[{"@type":"ReadAction","target":["https:\/\/www.missimmo.com\/fr\/history-of-st-barth\/"]}]},{"@type":"BreadcrumbList","@id":"https:\/\/www.missimmo.com\/fr\/history-of-st-barth\/#breadcrumb","itemListElement":[{"@type":"ListItem","position":1,"name":"Home","item":"https:\/\/www.missimmo.com\/fr\/"},{"@type":"ListItem","position":2,"name":"L&rsquo;histoire de St Barth"}]},{"@type":"WebSite","@id":"https:\/\/www.missimmo.com\/#website","url":"https:\/\/www.missimmo.com\/","name":"Missimmo St Barth","description":"","potentialAction":[{"@type":"SearchAction","target":{"@type":"EntryPoint","urlTemplate":"https:\/\/www.missimmo.com\/?s={search_term_string}"},"query-input":{"@type":"PropertyValueSpecification","valueRequired":true,"valueName":"search_term_string"}}],"inLanguage":"fr-FR"}]}},"_links":{"self":[{"href":"https:\/\/www.missimmo.com\/fr\/wp-json\/wp\/v2\/pages\/10469"}],"collection":[{"href":"https:\/\/www.missimmo.com\/fr\/wp-json\/wp\/v2\/pages"}],"about":[{"href":"https:\/\/www.missimmo.com\/fr\/wp-json\/wp\/v2\/types\/page"}],"author":[{"embeddable":true,"href":"https:\/\/www.missimmo.com\/fr\/wp-json\/wp\/v2\/users\/6"}],"replies":[{"embeddable":true,"href":"https:\/\/www.missimmo.com\/fr\/wp-json\/wp\/v2\/comments?post=10469"}],"version-history":[{"count":3,"href":"https:\/\/www.missimmo.com\/fr\/wp-json\/wp\/v2\/pages\/10469\/revisions"}],"predecessor-version":[{"id":10472,"href":"https:\/\/www.missimmo.com\/fr\/wp-json\/wp\/v2\/pages\/10469\/revisions\/10472"}],"wp:attachment":[{"href":"https:\/\/www.missimmo.com\/fr\/wp-json\/wp\/v2\/media?parent=10469"}],"curies":[{"name":"wp","href":"https:\/\/api.w.org\/{rel}","templated":true}]}}